{"id":19,"date":"2024-07-26T11:58:52","date_gmt":"2024-07-26T09:58:52","guid":{"rendered":"https:\/\/latelierdhelunys.fr\/?page_id=19"},"modified":"2025-08-07T19:28:47","modified_gmt":"2025-08-07T17:28:47","slug":"contact","status":"publish","type":"page","link":"https:\/\/latelierdhelunys.fr\/index.php\/contact\/","title":{"rendered":"Contact"},"content":{"rendered":"\t\t<div data-elementor-type=\"wp-page\" data-elementor-id=\"19\" class=\"elementor elementor-19\">\n\t\t\t\t<div class=\"elementor-element elementor-element-3dac404 e-flex e-con-boxed e-con e-parent\" data-id=\"3dac404\" data-element_type=\"container\" data-e-type=\"container\" data-settings=\"{&quot;background_background&quot;:&quot;classic&quot;}\">\n\t\t\t\t\t<div class=\"e-con-inner\">\n\t\t\t\t<div class=\"elementor-element elementor-element-bbe99e6 elementor-widget-divider--separator-type-pattern elementor-widget-divider--no-spacing elementor-widget-divider--view-line elementor-widget elementor-widget-divider\" data-id=\"bbe99e6\" data-element_type=\"widget\" data-e-type=\"widget\" data-widget_type=\"divider.default\">\n\t\t\t\t<div class=\"elementor-widget-container\">\n\t\t\t\t\t\t\t<div class=\"elementor-divider\" style=\"--divider-pattern-url: url(&quot;data:image\/svg+xml,%3Csvg xmlns=&#039;http:\/\/www.w3.org\/2000\/svg&#039; preserveAspectRatio=&#039;xMidYMid meet&#039; overflow=&#039;visible&#039; height=&#039;100%&#039; viewBox=&#039;0 0 121 26&#039; fill=&#039;black&#039; stroke=&#039;none&#039;%3E%3Cpath d=&#039;M29.6,10.3l2.1,2.2l-3.6,3.3h7v2.9h-7l3.6,3.5l-2.1,1.7l-5.2-5.2h-5.8v-2.9h5.8L29.6,10.3z M70.9,9.6l2.1,1.7l-3.6,3.5h7v2.9h-7l3.6,3.3l-2.1,2.2l-5.2-5.5h-5.8v-2.9h5.8L70.9,9.6z M111.5,9.6l2.1,1.7l-3.6,3.5h7v2.9h-7l3.6,3.3l-2.1,2.2l-5.2-5.5h-5.8v-2.9h5.8L111.5,9.6z M50.2,2.7l2.1,1.7l-3.6,3.5h7v2.9h-7l3.6,3.3l-2.1,2.2L45,10.7h-5.8V7.9H45L50.2,2.7z M11,2l2.1,1.7L9.6,7.2h7V10h-7l3.6,3.3L11,15.5L5.8,10H0V7.2h5.8L11,2z M91.5,2l2.1,2.2l-3.6,3.3h7v2.9h-7l3.6,3.5l-2.1,1.7l-5.2-5.2h-5.8V7.5h5.8L91.5,2z&#039;\/%3E%3C\/svg%3E&quot;);\">\n\t\t\t<span class=\"elementor-divider-separator\">\n\t\t\t\t\t\t<\/span>\n\t\t<\/div>\n\t\t\t\t\t\t<\/div>\n\t\t\t\t<\/div>\n\t\t<div class=\"elementor-element elementor-element-800d2da e-con-full e-flex e-con e-child\" data-id=\"800d2da\" data-element_type=\"container\" data-e-type=\"container\">\n\t\t\t\t<div class=\"elementor-element elementor-element-58242ed elementor-widget elementor-widget-heading\" data-id=\"58242ed\" data-element_type=\"widget\" data-e-type=\"widget\" data-widget_type=\"heading.default\">\n\t\t\t\t<div class=\"elementor-widget-container\">\n\t\t\t\t\t<h2 class=\"elementor-heading-title elementor-size-default\">Contacte-moi\u00a0!<\/h2>\t\t\t\t<\/div>\n\t\t\t\t<\/div>\n\t\t\t\t<div class=\"elementor-element elementor-element-d0a2cf3 elementor-widget elementor-widget-image\" data-id=\"d0a2cf3\" data-element_type=\"widget\" data-e-type=\"widget\" data-widget_type=\"image.default\">\n\t\t\t\t<div class=\"elementor-widget-container\">\n\t\t\t\t\t\t\t\t\t\t\t\t\t\t\t<img fetchpriority=\"high\" decoding=\"async\" width=\"882\" height=\"882\" src=\"https:\/\/latelierdhelunys.fr\/wp-content\/uploads\/2025\/08\/WhatsApp-Image-2025-08-01-at-08.19.52-_1_.webp\" class=\"attachment-full size-full wp-image-2219\" alt=\"\" srcset=\"https:\/\/latelierdhelunys.fr\/wp-content\/uploads\/2025\/08\/WhatsApp-Image-2025-08-01-at-08.19.52-_1_.webp 882w, https:\/\/latelierdhelunys.fr\/wp-content\/uploads\/2025\/08\/WhatsApp-Image-2025-08-01-at-08.19.52-_1_-300x300.webp 300w, https:\/\/latelierdhelunys.fr\/wp-content\/uploads\/2025\/08\/WhatsApp-Image-2025-08-01-at-08.19.52-_1_-150x150.webp 150w, https:\/\/latelierdhelunys.fr\/wp-content\/uploads\/2025\/08\/WhatsApp-Image-2025-08-01-at-08.19.52-_1_-768x768.webp 768w\" sizes=\"(max-width: 882px) 100vw, 882px\" \/>\t\t\t\t\t\t\t\t\t\t\t\t\t\t\t<\/div>\n\t\t\t\t<\/div>\n\t\t\t\t<div class=\"elementor-element elementor-element-afb5079 elementor-widget elementor-widget-text-editor\" data-id=\"afb5079\" data-element_type=\"widget\" data-e-type=\"widget\" data-widget_type=\"text-editor.default\">\n\t\t\t\t<div class=\"elementor-widget-container\">\n\t\t\t\t\t\t\t\t\t<p style=\"text-align: center;\">Viens me parler de ton jardin de mots&nbsp;!<\/p>\n<p style=\"text-align: center;\">Tu peux m&#8217;\u00e9crire un message directement sur mon adresse mail, <br>compl\u00e9ter le formulaire de contact ici <br>ou m&#8217;envoyer un mp sur Instagram.<\/p>\n<p>N&#8217;h\u00e9site pas \u00e0 me poser toutes tes questions&nbsp;!<br>Je reviendrai vers toi d\u00e8s que possible pour te r\u00e9pondre.<br>Si tu veux un devis, dis-le-moi dans l&#8217;objet ou dans ton message.<\/p>\n<p>J&#8217;ai h\u00e2te de te lire.<br>\u00c0 bient\u00f4t dans ta bo\u00eete mail ou sur Insta&nbsp;!<\/p>\n<p><i>L&#8217;atelier d&#8217;H\u00e9lunys.<\/i><\/p>\t\t\t\t\t\t\t\t<\/div>\n\t\t\t\t<\/div>\n\t\t\t\t<div class=\"elementor-element elementor-element-3bb9ff3 elementor-widget elementor-widget-image\" data-id=\"3bb9ff3\" data-element_type=\"widget\" data-e-type=\"widget\" data-widget_type=\"image.default\">\n\t\t\t\t<div class=\"elementor-widget-container\">\n\t\t\t\t\t\t\t\t\t\t\t\t\t\t\t<img decoding=\"async\" width=\"800\" height=\"452\" src=\"https:\/\/latelierdhelunys.fr\/wp-content\/uploads\/2025\/07\/Plantes-fleurs-vertes-1024x578.webp\" class=\"attachment-large size-large wp-image-1409\" alt=\"\" srcset=\"https:\/\/latelierdhelunys.fr\/wp-content\/uploads\/2025\/07\/Plantes-fleurs-vertes-1024x578.webp 1024w, https:\/\/latelierdhelunys.fr\/wp-content\/uploads\/2025\/07\/Plantes-fleurs-vertes-300x169.webp 300w, https:\/\/latelierdhelunys.fr\/wp-content\/uploads\/2025\/07\/Plantes-fleurs-vertes-768x433.webp 768w, https:\/\/latelierdhelunys.fr\/wp-content\/uploads\/2025\/07\/Plantes-fleurs-vertes-1536x866.webp 1536w, https:\/\/latelierdhelunys.fr\/wp-content\/uploads\/2025\/07\/Plantes-fleurs-vertes.webp 1734w\" sizes=\"(max-width: 800px) 100vw, 800px\" \/>\t\t\t\t\t\t\t\t\t\t\t\t\t\t\t<\/div>\n\t\t\t\t<\/div>\n\t\t\t\t<\/div>\n\t\t<div class=\"elementor-element elementor-element-5e3f67c e-con-full e-flex e-con e-child\" data-id=\"5e3f67c\" data-element_type=\"container\" data-e-type=\"container\">\n\t\t<div class=\"elementor-element elementor-element-c05aafb e-con-full e-flex e-con e-child\" data-id=\"c05aafb\" data-element_type=\"container\" data-e-type=\"container\">\n\t\t\t\t<div class=\"elementor-element elementor-element-dd4eac6 elementor-widget__width-initial elementor-view-stacked elementor-shape-circle elementor-widget elementor-widget-icon\" data-id=\"dd4eac6\" data-element_type=\"widget\" data-e-type=\"widget\" data-widget_type=\"icon.default\">\n\t\t\t\t<div class=\"elementor-widget-container\">\n\t\t\t\t\t\t\t<div class=\"elementor-icon-wrapper\">\n\t\t\t<a class=\"elementor-icon\" href=\"http:\/\/latelierdhelunys@gmail.com\" target=\"_blank\">\n\t\t\t\n<svg aria-hidden=\"true\" class=\"e-font-icon-svg e-fas-envelope-open-text\" viewBox=\"0 0 512 512\" xmlns=\"http:\/\/www.w3.org\/2000\/svg\"><path d=\"M176 216h160c8.84 0 16-7.16 16-16v-16c0-8.84-7.16-16-16-16H176c-8.84 0-16 7.16-16 16v16c0 8.84 7.16 16 16 16zm-16 80c0 8.84 7.16 16 16 16h160c8.84 0 16-7.16 16-16v-16c0-8.84-7.16-16-16-16H176c-8.84 0-16 7.16-16 16v16zm96 121.13c-16.42 0-32.84-5.06-46.86-15.19L0 250.86V464c0 26.51 21.49 48 48 48h416c26.51 0 48-21.49 48-48V250.86L302.86 401.94c-14.02 10.12-30.44 15.19-46.86 15.19zm237.61-254.18c-8.85-6.94-17.24-13.47-29.61-22.81V96c0-26.51-21.49-48-48-48h-77.55c-3.04-2.2-5.87-4.26-9.04-6.56C312.6 29.17 279.2-.35 256 0c-23.2-.35-56.59 29.17-73.41 41.44-3.17 2.3-6 4.36-9.04 6.56H96c-26.51 0-48 21.49-48 48v44.14c-12.37 9.33-20.76 15.87-29.61 22.81A47.995 47.995 0 0 0 0 200.72v10.65l96 69.35V96h320v184.72l96-69.35v-10.65c0-14.74-6.78-28.67-18.39-37.77z\"><\/path><\/svg>\n\t\t\t<\/a>\n\t\t<\/div>\n\t\t\t\t\t\t<\/div>\n\t\t\t\t<\/div>\n\t\t\t\t<div class=\"elementor-element elementor-element-42e573f elementor-view-stacked elementor-shape-circle elementor-widget elementor-widget-icon\" data-id=\"42e573f\" data-element_type=\"widget\" data-e-type=\"widget\" data-widget_type=\"icon.default\">\n\t\t\t\t<div class=\"elementor-widget-container\">\n\t\t\t\t\t\t\t<div class=\"elementor-icon-wrapper\">\n\t\t\t<a class=\"elementor-icon\" href=\"https:\/\/www.instagram.com\/latelierdhelunys\/\" target=\"_blank\">\n\t\t\t\n<svg aria-hidden=\"true\" class=\"e-font-icon-svg e-fab-instagram\" viewBox=\"0 0 448 512\" xmlns=\"http:\/\/www.w3.org\/2000\/svg\"><path d=\"M224.1 141c-63.6 0-114.9 51.3-114.9 114.9s51.3 114.9 114.9 114.9S339 319.5 339 255.9 287.7 141 224.1 141zm0 189.6c-41.1 0-74.7-33.5-74.7-74.7s33.5-74.7 74.7-74.7 74.7 33.5 74.7 74.7-33.6 74.7-74.7 74.7zm146.4-194.3c0 14.9-12 26.8-26.8 26.8-14.9 0-26.8-12-26.8-26.8s12-26.8 26.8-26.8 26.8 12 26.8 26.8zm76.1 27.2c-1.7-35.9-9.9-67.7-36.2-93.9-26.2-26.2-58-34.4-93.9-36.2-37-2.1-147.9-2.1-184.9 0-35.8 1.7-67.6 9.9-93.9 36.1s-34.4 58-36.2 93.9c-2.1 37-2.1 147.9 0 184.9 1.7 35.9 9.9 67.7 36.2 93.9s58 34.4 93.9 36.2c37 2.1 147.9 2.1 184.9 0 35.9-1.7 67.7-9.9 93.9-36.2 26.2-26.2 34.4-58 36.2-93.9 2.1-37 2.1-147.8 0-184.8zM398.8 388c-7.8 19.6-22.9 34.7-42.6 42.6-29.5 11.7-99.5 9-132.1 9s-102.7 2.6-132.1-9c-19.6-7.8-34.7-22.9-42.6-42.6-11.7-29.5-9-99.5-9-132.1s-2.6-102.7 9-132.1c7.8-19.6 22.9-34.7 42.6-42.6 29.5-11.7 99.5-9 132.1-9s102.7-2.6 132.1 9c19.6 7.8 34.7 22.9 42.6 42.6 11.7 29.5 9 99.5 9 132.1s2.7 102.7-9 132.1z\"><\/path><\/svg>\n\t\t\t<\/a>\n\t\t<\/div>\n\t\t\t\t\t\t<\/div>\n\t\t\t\t<\/div>\n\t\t\t\t<\/div>\n\t\t\t\t<div class=\"elementor-element elementor-element-be50f4c elementor-widget elementor-widget-text-editor\" data-id=\"be50f4c\" data-element_type=\"widget\" data-e-type=\"widget\" data-widget_type=\"text-editor.default\">\n\t\t\t\t<div class=\"elementor-widget-container\">\n\t\t\t\t\t\t\t\t\t<p><a href=\"mailto:latelierdhelunys@gmail.com\" target=\"_blank\" rel=\"noopener\">latelierdhelunys@gmail.com<\/a><\/p>\t\t\t\t\t\t\t\t<\/div>\n\t\t\t\t<\/div>\n\t\t\t\t<div class=\"elementor-element elementor-element-1029164b elementor-widget elementor-widget-text-editor\" data-id=\"1029164b\" data-element_type=\"widget\" data-e-type=\"widget\" data-widget_type=\"text-editor.default\">\n\t\t\t\t<div class=\"elementor-widget-container\">\n\t\t\t\t\t\t\t\t\t<div class=\"wp-block-contact-form-7-contact-form-selector\">\n<div class=\"wpcf7 no-js\" id=\"wpcf7-f720-o1\" lang=\"fr-FR\" dir=\"ltr\" data-wpcf7-id=\"720\">\n<div class=\"screen-reader-response\"><p role=\"status\" aria-live=\"polite\" aria-atomic=\"true\"><\/p> <ul><\/ul><\/div>\n<form action=\"\/index.php\/wp-json\/wp\/v2\/pages\/19#wpcf7-f720-o1\" method=\"post\" class=\"wpcf7-form init\" aria-label=\"Formulaire de contact\" novalidate=\"novalidate\" data-status=\"init\">\n<fieldset class=\"hidden-fields-container\"><input type=\"hidden\" name=\"_wpcf7\" value=\"720\" \/><input type=\"hidden\" name=\"_wpcf7_version\" value=\"6.1.5\" \/><input type=\"hidden\" name=\"_wpcf7_locale\" value=\"fr_FR\" \/><input type=\"hidden\" name=\"_wpcf7_unit_tag\" value=\"wpcf7-f720-o1\" \/><input type=\"hidden\" name=\"_wpcf7_container_post\" value=\"0\" \/><input type=\"hidden\" name=\"_wpcf7_posted_data_hash\" value=\"\" \/>\n<\/fieldset>\n<p><label> Ton nom<br \/>\n<span class=\"wpcf7-form-control-wrap\" data-name=\"your-lastname\"><input size=\"40\" maxlength=\"400\" class=\"wpcf7-form-control wpcf7-text wpcf7-validates-as-required\" autocomplete=\"name\" aria-required=\"true\" aria-invalid=\"false\" value=\"\" type=\"text\" name=\"your-lastname\" \/><\/span> <\/label>\n<\/p>\n<p><label> Ton pr\u00e9nom<br \/>\n<span class=\"wpcf7-form-control-wrap\" data-name=\"your-firstname\"><input size=\"40\" maxlength=\"400\" class=\"wpcf7-form-control wpcf7-text wpcf7-validates-as-required\" autocomplete=\"name\" aria-required=\"true\" aria-invalid=\"false\" value=\"\" type=\"text\" name=\"your-firstname\" \/><\/span> <\/label>\n<\/p>\n<p><label> Ton adresse mail<br \/>\n<span class=\"wpcf7-form-control-wrap\" data-name=\"your-email\"><input size=\"40\" maxlength=\"400\" class=\"wpcf7-form-control wpcf7-email wpcf7-validates-as-required wpcf7-text wpcf7-validates-as-email\" autocomplete=\"email\" aria-required=\"true\" aria-invalid=\"false\" value=\"\" type=\"email\" name=\"your-email\" \/><\/span> <\/label>\n<\/p>\n<p><label> L&#8217;objet de ton message<br \/>\n<span class=\"wpcf7-form-control-wrap\" data-name=\"your-subject\"><input size=\"40\" maxlength=\"400\" class=\"wpcf7-form-control wpcf7-text wpcf7-validates-as-required\" aria-required=\"true\" aria-invalid=\"false\" value=\"\" type=\"text\" name=\"your-subject\" \/><\/span> <\/label>\n<\/p>\n<p><label> Ton message<br \/>\n<span class=\"wpcf7-form-control-wrap\" data-name=\"your-message\"><textarea cols=\"40\" rows=\"10\" maxlength=\"2000\" class=\"wpcf7-form-control wpcf7-textarea wpcf7-validates-as-required\" aria-required=\"true\" aria-invalid=\"false\" name=\"your-message\"><\/textarea><\/span> <\/label>\n<\/p>\n<p><label> <span class=\"wpcf7-form-control-wrap\" data-name=\"acceptance-596\"><span class=\"wpcf7-form-control wpcf7-acceptance\"><span class=\"wpcf7-list-item\"><input type=\"checkbox\" name=\"acceptance-596\" value=\"1\" aria-invalid=\"false\" \/><\/span><\/span><\/span> J&#8217;accepte <a href=\"https:\/\/latelierdhelunys.fr\/index.php\/conditions-generales-de-vente\/\" target=\"_blank\" rel=\"noopener noreferrer\" style=\"text-decoration: underline;\"> la politique de confidentialit\u00e9<\/a>.<br \/>\n<input class=\"wpcf7-form-control wpcf7-submit has-spinner\" type=\"submit\" value=\"Envoyer\" \/><\/label>\n<\/p><p style=\"display: none !important;\" class=\"akismet-fields-container\" data-prefix=\"_wpcf7_ak_\"><label>&#916;<textarea name=\"_wpcf7_ak_hp_textarea\" cols=\"45\" rows=\"8\" maxlength=\"100\"><\/textarea><\/label><input type=\"hidden\" id=\"ak_js_1\" name=\"_wpcf7_ak_js\" value=\"17\"\/>\n<script>\ndocument.getElementById( \"ak_js_1\" ).setAttribute( \"value\", ( new Date() ).getTime() );\n<\/script>\n<\/p><div class=\"wpcf7-response-output\" aria-hidden=\"true\"><\/div>\n<\/form>\n<\/div>\n<\/div>\n<p>\n<!-- \/wp:contact-form-7\/contact-form-selector -->\n<\/p>\t\t\t\t\t\t\t\t<\/div>\n\t\t\t\t<\/div>\n\t\t\t\t<\/div>\n\t\t\t\t\t<\/div>\n\t\t\t\t<\/div>\n\t\t\t\t<\/div>","protected":false},"excerpt":{"rendered":"<p>Page de contact de L&#8217;atelier d&#8217;H\u00e9lunys, lectrice-correctrice et b\u00eata-lectrice. Acc\u00e8s au compte Instagram, au mail et au formulaire de contact. L&#8217;endroit pour avoir les r\u00e9ponses \u00e0 ses questions et demander un devis personnalis\u00e9.<\/p>","protected":false},"author":1,"featured_media":1409,"parent":0,"menu_order":0,"comment_status":"closed","ping_status":"closed","template":"elementor_header_footer","meta":{"_monsterinsights_skip_tracking":false,"_monsterinsights_sitenote_active":false,"_monsterinsights_sitenote_note":"","_monsterinsights_sitenote_category":0,"footnotes":""},"class_list":["post-19","page","type-page","status-publish","has-post-thumbnail","hentry"],"yoast_head":"<!-- This site is optimized with the Yoast SEO plugin v27.4 - https:\/\/yoast.com\/product\/yoast-seo-wordpress\/ -->\n<title>Contact - L&#039;atelier d&#039;H\u00e9lunys<\/title>\n<meta name=\"robots\" content=\"index, follow, max-snippet:-1, max-image-preview:large, max-video-preview:-1\" \/>\n<link rel=\"canonical\" href=\"https:\/\/latelierdhelunys.fr\/index.php\/contact\/\" \/>\n<meta property=\"og:locale\" content=\"en_US\" \/>\n<meta property=\"og:type\" content=\"article\" \/>\n<meta property=\"og:title\" content=\"Contact - L&#039;atelier d&#039;H\u00e9lunys\" \/>\n<meta property=\"og:description\" content=\"Page de contact de L&#039;atelier d&#039;H\u00e9lunys, lectrice-correctrice et b\u00eata-lectrice. Acc\u00e8s au compte Instagram, au mail et au formulaire de contact. L&#039;endroit pour avoir les r\u00e9ponses \u00e0 ses questions et demander un devis personnalis\u00e9.\" \/>\n<meta property=\"og:url\" content=\"https:\/\/latelierdhelunys.fr\/index.php\/contact\/\" \/>\n<meta property=\"og:site_name\" content=\"L&#039;atelier d&#039;H\u00e9lunys\" \/>\n<meta property=\"article:modified_time\" content=\"2025-08-07T17:28:47+00:00\" \/>\n<meta property=\"og:image\" content=\"http:\/\/latelierdhelunys.fr\/wp-content\/uploads\/2025\/07\/Plantes-fleurs-vertes.webp\" \/>\n\t<meta property=\"og:image:width\" content=\"1734\" \/>\n\t<meta property=\"og:image:height\" content=\"978\" \/>\n\t<meta property=\"og:image:type\" content=\"image\/webp\" \/>\n<meta name=\"twitter:card\" content=\"summary_large_image\" \/>\n<meta name=\"twitter:label1\" content=\"Est. reading time\" \/>\n\t<meta name=\"twitter:data1\" content=\"1 minute\" \/>\n<script type=\"application\/ld+json\" class=\"yoast-schema-graph\">{\"@context\":\"https:\\\/\\\/schema.org\",\"@graph\":[{\"@type\":\"WebPage\",\"@id\":\"https:\\\/\\\/latelierdhelunys.fr\\\/index.php\\\/contact\\\/\",\"url\":\"https:\\\/\\\/latelierdhelunys.fr\\\/index.php\\\/contact\\\/\",\"name\":\"Contact - L&#039;atelier d&#039;H\u00e9lunys\",\"isPartOf\":{\"@id\":\"https:\\\/\\\/latelierdhelunys.fr\\\/#website\"},\"primaryImageOfPage\":{\"@id\":\"https:\\\/\\\/latelierdhelunys.fr\\\/index.php\\\/contact\\\/#primaryimage\"},\"image\":{\"@id\":\"https:\\\/\\\/latelierdhelunys.fr\\\/index.php\\\/contact\\\/#primaryimage\"},\"thumbnailUrl\":\"https:\\\/\\\/latelierdhelunys.fr\\\/wp-content\\\/uploads\\\/2025\\\/07\\\/Plantes-fleurs-vertes.webp\",\"datePublished\":\"2024-07-26T09:58:52+00:00\",\"dateModified\":\"2025-08-07T17:28:47+00:00\",\"breadcrumb\":{\"@id\":\"https:\\\/\\\/latelierdhelunys.fr\\\/index.php\\\/contact\\\/#breadcrumb\"},\"inLanguage\":\"en-US\",\"potentialAction\":[{\"@type\":\"ReadAction\",\"target\":[\"https:\\\/\\\/latelierdhelunys.fr\\\/index.php\\\/contact\\\/\"]}]},{\"@type\":\"ImageObject\",\"inLanguage\":\"en-US\",\"@id\":\"https:\\\/\\\/latelierdhelunys.fr\\\/index.php\\\/contact\\\/#primaryimage\",\"url\":\"https:\\\/\\\/latelierdhelunys.fr\\\/wp-content\\\/uploads\\\/2025\\\/07\\\/Plantes-fleurs-vertes.webp\",\"contentUrl\":\"https:\\\/\\\/latelierdhelunys.fr\\\/wp-content\\\/uploads\\\/2025\\\/07\\\/Plantes-fleurs-vertes.webp\",\"width\":1734,\"height\":978},{\"@type\":\"BreadcrumbList\",\"@id\":\"https:\\\/\\\/latelierdhelunys.fr\\\/index.php\\\/contact\\\/#breadcrumb\",\"itemListElement\":[{\"@type\":\"ListItem\",\"position\":1,\"name\":\"Accueil\",\"item\":\"https:\\\/\\\/latelierdhelunys.fr\\\/\"},{\"@type\":\"ListItem\",\"position\":2,\"name\":\"Contact\"}]},{\"@type\":\"WebSite\",\"@id\":\"https:\\\/\\\/latelierdhelunys.fr\\\/#website\",\"url\":\"https:\\\/\\\/latelierdhelunys.fr\\\/\",\"name\":\"L&#039;atelier d&#039;H\u00e9lunys\",\"description\":\"Lectrice-correctrice et b\u00eata-lectrice\",\"publisher\":{\"@id\":\"https:\\\/\\\/latelierdhelunys.fr\\\/#organization\"},\"potentialAction\":[{\"@type\":\"SearchAction\",\"target\":{\"@type\":\"EntryPoint\",\"urlTemplate\":\"https:\\\/\\\/latelierdhelunys.fr\\\/?s={search_term_string}\"},\"query-input\":{\"@type\":\"PropertyValueSpecification\",\"valueRequired\":true,\"valueName\":\"search_term_string\"}}],\"inLanguage\":\"en-US\"},{\"@type\":\"Organization\",\"@id\":\"https:\\\/\\\/latelierdhelunys.fr\\\/#organization\",\"name\":\"L&#039;atelier d&#039;H\u00e9lunys\",\"url\":\"https:\\\/\\\/latelierdhelunys.fr\\\/\",\"logo\":{\"@type\":\"ImageObject\",\"inLanguage\":\"en-US\",\"@id\":\"https:\\\/\\\/latelierdhelunys.fr\\\/#\\\/schema\\\/logo\\\/image\\\/\",\"url\":\"https:\\\/\\\/latelierdhelunys.fr\\\/wp-content\\\/uploads\\\/2024\\\/07\\\/Logo-fond-blanc-Latelier-dHelunys-v2-scaled.png\",\"contentUrl\":\"https:\\\/\\\/latelierdhelunys.fr\\\/wp-content\\\/uploads\\\/2024\\\/07\\\/Logo-fond-blanc-Latelier-dHelunys-v2-scaled.png\",\"width\":2560,\"height\":942,\"caption\":\"L&#039;atelier d&#039;H\u00e9lunys\"},\"image\":{\"@id\":\"https:\\\/\\\/latelierdhelunys.fr\\\/#\\\/schema\\\/logo\\\/image\\\/\"}}]}<\/script>\n<!-- \/ Yoast SEO plugin. -->","yoast_head_json":{"title":"Contact - L&#039;atelier d&#039;H\u00e9lunys","robots":{"index":"index","follow":"follow","max-snippet":"max-snippet:-1","max-image-preview":"max-image-preview:large","max-video-preview":"max-video-preview:-1"},"canonical":"https:\/\/latelierdhelunys.fr\/index.php\/contact\/","og_locale":"en_US","og_type":"article","og_title":"Contact - L&#039;atelier d&#039;H\u00e9lunys","og_description":"Page de contact de L'atelier d'H\u00e9lunys, lectrice-correctrice et b\u00eata-lectrice. Acc\u00e8s au compte Instagram, au mail et au formulaire de contact. L'endroit pour avoir les r\u00e9ponses \u00e0 ses questions et demander un devis personnalis\u00e9.","og_url":"https:\/\/latelierdhelunys.fr\/index.php\/contact\/","og_site_name":"L&#039;atelier d&#039;H\u00e9lunys","article_modified_time":"2025-08-07T17:28:47+00:00","og_image":[{"width":1734,"height":978,"url":"http:\/\/latelierdhelunys.fr\/wp-content\/uploads\/2025\/07\/Plantes-fleurs-vertes.webp","type":"image\/webp"}],"twitter_card":"summary_large_image","twitter_misc":{"Est. reading time":"1 minute"},"schema":{"@context":"https:\/\/schema.org","@graph":[{"@type":"WebPage","@id":"https:\/\/latelierdhelunys.fr\/index.php\/contact\/","url":"https:\/\/latelierdhelunys.fr\/index.php\/contact\/","name":"Contact - L&#039;atelier d&#039;H\u00e9lunys","isPartOf":{"@id":"https:\/\/latelierdhelunys.fr\/#website"},"primaryImageOfPage":{"@id":"https:\/\/latelierdhelunys.fr\/index.php\/contact\/#primaryimage"},"image":{"@id":"https:\/\/latelierdhelunys.fr\/index.php\/contact\/#primaryimage"},"thumbnailUrl":"https:\/\/latelierdhelunys.fr\/wp-content\/uploads\/2025\/07\/Plantes-fleurs-vertes.webp","datePublished":"2024-07-26T09:58:52+00:00","dateModified":"2025-08-07T17:28:47+00:00","breadcrumb":{"@id":"https:\/\/latelierdhelunys.fr\/index.php\/contact\/#breadcrumb"},"inLanguage":"en-US","potentialAction":[{"@type":"ReadAction","target":["https:\/\/latelierdhelunys.fr\/index.php\/contact\/"]}]},{"@type":"ImageObject","inLanguage":"en-US","@id":"https:\/\/latelierdhelunys.fr\/index.php\/contact\/#primaryimage","url":"https:\/\/latelierdhelunys.fr\/wp-content\/uploads\/2025\/07\/Plantes-fleurs-vertes.webp","contentUrl":"https:\/\/latelierdhelunys.fr\/wp-content\/uploads\/2025\/07\/Plantes-fleurs-vertes.webp","width":1734,"height":978},{"@type":"BreadcrumbList","@id":"https:\/\/latelierdhelunys.fr\/index.php\/contact\/#breadcrumb","itemListElement":[{"@type":"ListItem","position":1,"name":"Accueil","item":"https:\/\/latelierdhelunys.fr\/"},{"@type":"ListItem","position":2,"name":"Contact"}]},{"@type":"WebSite","@id":"https:\/\/latelierdhelunys.fr\/#website","url":"https:\/\/latelierdhelunys.fr\/","name":"L&#039;atelier d&#039;H\u00e9lunys","description":"Lectrice-correctrice et b\u00eata-lectrice","publisher":{"@id":"https:\/\/latelierdhelunys.fr\/#organization"},"potentialAction":[{"@type":"SearchAction","target":{"@type":"EntryPoint","urlTemplate":"https:\/\/latelierdhelunys.fr\/?s={search_term_string}"},"query-input":{"@type":"PropertyValueSpecification","valueRequired":true,"valueName":"search_term_string"}}],"inLanguage":"en-US"},{"@type":"Organization","@id":"https:\/\/latelierdhelunys.fr\/#organization","name":"L&#039;atelier d&#039;H\u00e9lunys","url":"https:\/\/latelierdhelunys.fr\/","logo":{"@type":"ImageObject","inLanguage":"en-US","@id":"https:\/\/latelierdhelunys.fr\/#\/schema\/logo\/image\/","url":"https:\/\/latelierdhelunys.fr\/wp-content\/uploads\/2024\/07\/Logo-fond-blanc-Latelier-dHelunys-v2-scaled.png","contentUrl":"https:\/\/latelierdhelunys.fr\/wp-content\/uploads\/2024\/07\/Logo-fond-blanc-Latelier-dHelunys-v2-scaled.png","width":2560,"height":942,"caption":"L&#039;atelier d&#039;H\u00e9lunys"},"image":{"@id":"https:\/\/latelierdhelunys.fr\/#\/schema\/logo\/image\/"}}]}},"_links":{"self":[{"href":"https:\/\/latelierdhelunys.fr\/index.php\/wp-json\/wp\/v2\/pages\/19","targetHints":{"allow":["GET"]}}],"collection":[{"href":"https:\/\/latelierdhelunys.fr\/index.php\/wp-json\/wp\/v2\/pages"}],"about":[{"href":"https:\/\/latelierdhelunys.fr\/index.php\/wp-json\/wp\/v2\/types\/page"}],"author":[{"embeddable":true,"href":"https:\/\/latelierdhelunys.fr\/index.php\/wp-json\/wp\/v2\/users\/1"}],"replies":[{"embeddable":true,"href":"https:\/\/latelierdhelunys.fr\/index.php\/wp-json\/wp\/v2\/comments?post=19"}],"version-history":[{"count":168,"href":"https:\/\/latelierdhelunys.fr\/index.php\/wp-json\/wp\/v2\/pages\/19\/revisions"}],"predecessor-version":[{"id":2441,"href":"https:\/\/latelierdhelunys.fr\/index.php\/wp-json\/wp\/v2\/pages\/19\/revisions\/2441"}],"wp:featuredmedia":[{"embeddable":true,"href":"https:\/\/latelierdhelunys.fr\/index.php\/wp-json\/wp\/v2\/media\/1409"}],"wp:attachment":[{"href":"https:\/\/latelierdhelunys.fr\/index.php\/wp-json\/wp\/v2\/media?parent=19"}],"curies":[{"name":"wp","href":"https:\/\/api.w.org\/{rel}","templated":true}]}}