{"id":17,"date":"2024-07-26T11:58:18","date_gmt":"2024-07-26T09:58:18","guid":{"rendered":"https:\/\/latelierdhelunys.fr\/?page_id=17"},"modified":"2025-07-31T14:32:33","modified_gmt":"2025-07-31T12:32:33","slug":"conditions-generales-de-vente","status":"publish","type":"page","link":"https:\/\/latelierdhelunys.fr\/index.php\/conditions-generales-de-vente\/","title":{"rendered":"Politique de confidentialit\u00e9"},"content":{"rendered":"\t\t<div data-elementor-type=\"wp-page\" data-elementor-id=\"17\" class=\"elementor elementor-17\">\n\t\t\t\t<div class=\"elementor-element elementor-element-0acd307 e-flex e-con-boxed e-con e-parent\" data-id=\"0acd307\" data-element_type=\"container\" data-e-type=\"container\">\n\t\t\t\t\t<div class=\"e-con-inner\">\n\t\t\t\t<div class=\"elementor-element elementor-element-c2b262d elementor-widget-divider--separator-type-pattern elementor-widget-divider--no-spacing elementor-widget-divider--view-line elementor-widget elementor-widget-divider\" data-id=\"c2b262d\" data-element_type=\"widget\" data-e-type=\"widget\" data-widget_type=\"divider.default\">\n\t\t\t\t<div class=\"elementor-widget-container\">\n\t\t\t\t\t\t\t<div class=\"elementor-divider\" style=\"--divider-pattern-url: url(&quot;data:image\/svg+xml,%3Csvg xmlns=&#039;http:\/\/www.w3.org\/2000\/svg&#039; preserveAspectRatio=&#039;xMidYMid meet&#039; overflow=&#039;visible&#039; height=&#039;100%&#039; viewBox=&#039;0 0 121 26&#039; fill=&#039;black&#039; stroke=&#039;none&#039;%3E%3Cpath d=&#039;M29.6,10.3l2.1,2.2l-3.6,3.3h7v2.9h-7l3.6,3.5l-2.1,1.7l-5.2-5.2h-5.8v-2.9h5.8L29.6,10.3z M70.9,9.6l2.1,1.7l-3.6,3.5h7v2.9h-7l3.6,3.3l-2.1,2.2l-5.2-5.5h-5.8v-2.9h5.8L70.9,9.6z M111.5,9.6l2.1,1.7l-3.6,3.5h7v2.9h-7l3.6,3.3l-2.1,2.2l-5.2-5.5h-5.8v-2.9h5.8L111.5,9.6z M50.2,2.7l2.1,1.7l-3.6,3.5h7v2.9h-7l3.6,3.3l-2.1,2.2L45,10.7h-5.8V7.9H45L50.2,2.7z M11,2l2.1,1.7L9.6,7.2h7V10h-7l3.6,3.3L11,15.5L5.8,10H0V7.2h5.8L11,2z M91.5,2l2.1,2.2l-3.6,3.3h7v2.9h-7l3.6,3.5l-2.1,1.7l-5.2-5.2h-5.8V7.5h5.8L91.5,2z&#039;\/%3E%3C\/svg%3E&quot;);\">\n\t\t\t<span class=\"elementor-divider-separator\">\n\t\t\t\t\t\t<\/span>\n\t\t<\/div>\n\t\t\t\t\t\t<\/div>\n\t\t\t\t<\/div>\n\t\t\t\t<div class=\"elementor-element elementor-element-657fa20 elementor-widget elementor-widget-heading\" data-id=\"657fa20\" data-element_type=\"widget\" data-e-type=\"widget\" data-widget_type=\"heading.default\">\n\t\t\t\t<div class=\"elementor-widget-container\">\n\t\t\t\t\t<h2 class=\"elementor-heading-title elementor-size-default\">Politique de confidentialit\u00e9<\/h2>\t\t\t\t<\/div>\n\t\t\t\t<\/div>\n\t\t\t\t<div class=\"elementor-element elementor-element-135c49d elementor-widget elementor-widget-text-editor\" data-id=\"135c49d\" data-element_type=\"widget\" data-e-type=\"widget\" data-widget_type=\"text-editor.default\">\n\t\t\t\t<div class=\"elementor-widget-container\">\n\t\t\t\t\t\t\t\t\t<p>Responsable du traitement des donn\u00e9es personnelles&nbsp;: M\u00e9lanie Hours<\/p><p>Ce site utilise des cookies pour assurer le bon fonctionnement du site et proposer une meilleure exp\u00e9rience gr\u00e2ce \u00e0 l\u2019analyse des statistiques.<br \/>Le consentement est recueilli \u00e0 l\u2019entr\u00e9e du site \u00e0 l\u2019aide d\u2019un bouton.<\/p><p>Le site collecte des donn\u00e9es sur son formulaire de contact.<br \/>Les champs obligatoires dans ce formulaire de contact sont le pr\u00e9nom, le nom et l\u2019adresse email.<br \/>Le consentement est recueilli \u00e0 l\u2019aide d\u2019une case \u00e0 cocher.<\/p><p>Ces donn\u00e9es sont utilis\u00e9es dans un but administratif et commercial pour L\u2019atelier d\u2019H\u00e9lunys.<br \/>Elles sont conserv\u00e9es jusqu\u2019au retrait du consentement ou 3 ans \u00e0 compter du dernier contact avec l\u2019organisme.<\/p><p>L\u2019utilisateur dispose du droit de refuser la collecte, du droit d\u2019acc\u00e9der, du droit de rectifier et du droit d\u2019effacer ses donn\u00e9es.<br \/>L\u2019utilisateur dispose d\u2019un droit \u00e0 introduire une plainte aupr\u00e8s de la CNIL.<\/p>\t\t\t\t\t\t\t\t<\/div>\n\t\t\t\t<\/div>\n\t\t\t\t\t<\/div>\n\t\t\t\t<\/div>\n\t\t\t\t<\/div>","protected":false},"excerpt":{"rendered":"<p>Politique de confidentialit\u00e9 Responsable du traitement des donn\u00e9es personnelles&nbsp;: M\u00e9lanie Hours Ce site utilise des cookies pour assurer le bon fonctionnement du site et proposer une meilleure exp\u00e9rience gr\u00e2ce \u00e0 l\u2019analyse des statistiques.Le consentement est recueilli \u00e0 l\u2019entr\u00e9e du site \u00e0 l\u2019aide d\u2019un bouton. Le site collecte des donn\u00e9es sur son formulaire de contact.Les champs [&hellip;]<\/p>","protected":false},"author":1,"featured_media":0,"parent":0,"menu_order":0,"comment_status":"closed","ping_status":"closed","template":"elementor_header_footer","meta":{"_monsterinsights_skip_tracking":false,"_monsterinsights_sitenote_active":false,"_monsterinsights_sitenote_note":"","_monsterinsights_sitenote_category":0,"footnotes":""},"class_list":["post-17","page","type-page","status-publish","hentry"],"yoast_head":"<!-- This site is optimized with the Yoast SEO plugin v27.4 - https:\/\/yoast.com\/product\/yoast-seo-wordpress\/ -->\n<title>Politique de confidentialit\u00e9 - L&#039;atelier d&#039;H\u00e9lunys<\/title>\n<meta name=\"robots\" content=\"index, follow, max-snippet:-1, max-image-preview:large, max-video-preview:-1\" \/>\n<link rel=\"canonical\" href=\"https:\/\/latelierdhelunys.fr\/index.php\/conditions-generales-de-vente\/\" \/>\n<meta property=\"og:locale\" content=\"en_US\" \/>\n<meta property=\"og:type\" content=\"article\" \/>\n<meta property=\"og:title\" content=\"Politique de confidentialit\u00e9 - L&#039;atelier d&#039;H\u00e9lunys\" \/>\n<meta property=\"og:description\" content=\"Politique de confidentialit\u00e9 Responsable du traitement des donn\u00e9es personnelles&nbsp;: M\u00e9lanie Hours Ce site utilise des cookies pour assurer le bon fonctionnement du site et proposer une meilleure exp\u00e9rience gr\u00e2ce \u00e0 l\u2019analyse des statistiques.Le consentement est recueilli \u00e0 l\u2019entr\u00e9e du site \u00e0 l\u2019aide d\u2019un bouton. Le site collecte des donn\u00e9es sur son formulaire de contact.Les champs [&hellip;]\" \/>\n<meta property=\"og:url\" content=\"https:\/\/latelierdhelunys.fr\/index.php\/conditions-generales-de-vente\/\" \/>\n<meta property=\"og:site_name\" content=\"L&#039;atelier d&#039;H\u00e9lunys\" \/>\n<meta property=\"article:modified_time\" content=\"2025-07-31T12:32:33+00:00\" \/>\n<meta name=\"twitter:card\" content=\"summary_large_image\" \/>\n<meta name=\"twitter:label1\" content=\"Est. reading time\" \/>\n\t<meta name=\"twitter:data1\" content=\"1 minute\" \/>\n<script type=\"application\/ld+json\" class=\"yoast-schema-graph\">{\"@context\":\"https:\\\/\\\/schema.org\",\"@graph\":[{\"@type\":\"WebPage\",\"@id\":\"https:\\\/\\\/latelierdhelunys.fr\\\/index.php\\\/conditions-generales-de-vente\\\/\",\"url\":\"https:\\\/\\\/latelierdhelunys.fr\\\/index.php\\\/conditions-generales-de-vente\\\/\",\"name\":\"Politique de confidentialit\u00e9 - L&#039;atelier d&#039;H\u00e9lunys\",\"isPartOf\":{\"@id\":\"https:\\\/\\\/latelierdhelunys.fr\\\/#website\"},\"datePublished\":\"2024-07-26T09:58:18+00:00\",\"dateModified\":\"2025-07-31T12:32:33+00:00\",\"breadcrumb\":{\"@id\":\"https:\\\/\\\/latelierdhelunys.fr\\\/index.php\\\/conditions-generales-de-vente\\\/#breadcrumb\"},\"inLanguage\":\"en-US\",\"potentialAction\":[{\"@type\":\"ReadAction\",\"target\":[\"https:\\\/\\\/latelierdhelunys.fr\\\/index.php\\\/conditions-generales-de-vente\\\/\"]}]},{\"@type\":\"BreadcrumbList\",\"@id\":\"https:\\\/\\\/latelierdhelunys.fr\\\/index.php\\\/conditions-generales-de-vente\\\/#breadcrumb\",\"itemListElement\":[{\"@type\":\"ListItem\",\"position\":1,\"name\":\"Accueil\",\"item\":\"https:\\\/\\\/latelierdhelunys.fr\\\/\"},{\"@type\":\"ListItem\",\"position\":2,\"name\":\"Politique de confidentialit\u00e9\"}]},{\"@type\":\"WebSite\",\"@id\":\"https:\\\/\\\/latelierdhelunys.fr\\\/#website\",\"url\":\"https:\\\/\\\/latelierdhelunys.fr\\\/\",\"name\":\"L&#039;atelier d&#039;H\u00e9lunys\",\"description\":\"Lectrice-correctrice et b\u00eata-lectrice\",\"publisher\":{\"@id\":\"https:\\\/\\\/latelierdhelunys.fr\\\/#organization\"},\"potentialAction\":[{\"@type\":\"SearchAction\",\"target\":{\"@type\":\"EntryPoint\",\"urlTemplate\":\"https:\\\/\\\/latelierdhelunys.fr\\\/?s={search_term_string}\"},\"query-input\":{\"@type\":\"PropertyValueSpecification\",\"valueRequired\":true,\"valueName\":\"search_term_string\"}}],\"inLanguage\":\"en-US\"},{\"@type\":\"Organization\",\"@id\":\"https:\\\/\\\/latelierdhelunys.fr\\\/#organization\",\"name\":\"L&#039;atelier d&#039;H\u00e9lunys\",\"url\":\"https:\\\/\\\/latelierdhelunys.fr\\\/\",\"logo\":{\"@type\":\"ImageObject\",\"inLanguage\":\"en-US\",\"@id\":\"https:\\\/\\\/latelierdhelunys.fr\\\/#\\\/schema\\\/logo\\\/image\\\/\",\"url\":\"https:\\\/\\\/latelierdhelunys.fr\\\/wp-content\\\/uploads\\\/2024\\\/07\\\/Logo-fond-blanc-Latelier-dHelunys-v2-scaled.png\",\"contentUrl\":\"https:\\\/\\\/latelierdhelunys.fr\\\/wp-content\\\/uploads\\\/2024\\\/07\\\/Logo-fond-blanc-Latelier-dHelunys-v2-scaled.png\",\"width\":2560,\"height\":942,\"caption\":\"L&#039;atelier d&#039;H\u00e9lunys\"},\"image\":{\"@id\":\"https:\\\/\\\/latelierdhelunys.fr\\\/#\\\/schema\\\/logo\\\/image\\\/\"}}]}<\/script>\n<!-- \/ Yoast SEO plugin. -->","yoast_head_json":{"title":"Politique de confidentialit\u00e9 - L&#039;atelier d&#039;H\u00e9lunys","robots":{"index":"index","follow":"follow","max-snippet":"max-snippet:-1","max-image-preview":"max-image-preview:large","max-video-preview":"max-video-preview:-1"},"canonical":"https:\/\/latelierdhelunys.fr\/index.php\/conditions-generales-de-vente\/","og_locale":"en_US","og_type":"article","og_title":"Politique de confidentialit\u00e9 - L&#039;atelier d&#039;H\u00e9lunys","og_description":"Politique de confidentialit\u00e9 Responsable du traitement des donn\u00e9es personnelles&nbsp;: M\u00e9lanie Hours Ce site utilise des cookies pour assurer le bon fonctionnement du site et proposer une meilleure exp\u00e9rience gr\u00e2ce \u00e0 l\u2019analyse des statistiques.Le consentement est recueilli \u00e0 l\u2019entr\u00e9e du site \u00e0 l\u2019aide d\u2019un bouton. Le site collecte des donn\u00e9es sur son formulaire de contact.Les champs [&hellip;]","og_url":"https:\/\/latelierdhelunys.fr\/index.php\/conditions-generales-de-vente\/","og_site_name":"L&#039;atelier d&#039;H\u00e9lunys","article_modified_time":"2025-07-31T12:32:33+00:00","twitter_card":"summary_large_image","twitter_misc":{"Est. reading time":"1 minute"},"schema":{"@context":"https:\/\/schema.org","@graph":[{"@type":"WebPage","@id":"https:\/\/latelierdhelunys.fr\/index.php\/conditions-generales-de-vente\/","url":"https:\/\/latelierdhelunys.fr\/index.php\/conditions-generales-de-vente\/","name":"Politique de confidentialit\u00e9 - L&#039;atelier d&#039;H\u00e9lunys","isPartOf":{"@id":"https:\/\/latelierdhelunys.fr\/#website"},"datePublished":"2024-07-26T09:58:18+00:00","dateModified":"2025-07-31T12:32:33+00:00","breadcrumb":{"@id":"https:\/\/latelierdhelunys.fr\/index.php\/conditions-generales-de-vente\/#breadcrumb"},"inLanguage":"en-US","potentialAction":[{"@type":"ReadAction","target":["https:\/\/latelierdhelunys.fr\/index.php\/conditions-generales-de-vente\/"]}]},{"@type":"BreadcrumbList","@id":"https:\/\/latelierdhelunys.fr\/index.php\/conditions-generales-de-vente\/#breadcrumb","itemListElement":[{"@type":"ListItem","position":1,"name":"Accueil","item":"https:\/\/latelierdhelunys.fr\/"},{"@type":"ListItem","position":2,"name":"Politique de confidentialit\u00e9"}]},{"@type":"WebSite","@id":"https:\/\/latelierdhelunys.fr\/#website","url":"https:\/\/latelierdhelunys.fr\/","name":"L&#039;atelier d&#039;H\u00e9lunys","description":"Lectrice-correctrice et b\u00eata-lectrice","publisher":{"@id":"https:\/\/latelierdhelunys.fr\/#organization"},"potentialAction":[{"@type":"SearchAction","target":{"@type":"EntryPoint","urlTemplate":"https:\/\/latelierdhelunys.fr\/?s={search_term_string}"},"query-input":{"@type":"PropertyValueSpecification","valueRequired":true,"valueName":"search_term_string"}}],"inLanguage":"en-US"},{"@type":"Organization","@id":"https:\/\/latelierdhelunys.fr\/#organization","name":"L&#039;atelier d&#039;H\u00e9lunys","url":"https:\/\/latelierdhelunys.fr\/","logo":{"@type":"ImageObject","inLanguage":"en-US","@id":"https:\/\/latelierdhelunys.fr\/#\/schema\/logo\/image\/","url":"https:\/\/latelierdhelunys.fr\/wp-content\/uploads\/2024\/07\/Logo-fond-blanc-Latelier-dHelunys-v2-scaled.png","contentUrl":"https:\/\/latelierdhelunys.fr\/wp-content\/uploads\/2024\/07\/Logo-fond-blanc-Latelier-dHelunys-v2-scaled.png","width":2560,"height":942,"caption":"L&#039;atelier d&#039;H\u00e9lunys"},"image":{"@id":"https:\/\/latelierdhelunys.fr\/#\/schema\/logo\/image\/"}}]}},"_links":{"self":[{"href":"https:\/\/latelierdhelunys.fr\/index.php\/wp-json\/wp\/v2\/pages\/17","targetHints":{"allow":["GET"]}}],"collection":[{"href":"https:\/\/latelierdhelunys.fr\/index.php\/wp-json\/wp\/v2\/pages"}],"about":[{"href":"https:\/\/latelierdhelunys.fr\/index.php\/wp-json\/wp\/v2\/types\/page"}],"author":[{"embeddable":true,"href":"https:\/\/latelierdhelunys.fr\/index.php\/wp-json\/wp\/v2\/users\/1"}],"replies":[{"embeddable":true,"href":"https:\/\/latelierdhelunys.fr\/index.php\/wp-json\/wp\/v2\/comments?post=17"}],"version-history":[{"count":94,"href":"https:\/\/latelierdhelunys.fr\/index.php\/wp-json\/wp\/v2\/pages\/17\/revisions"}],"predecessor-version":[{"id":1868,"href":"https:\/\/latelierdhelunys.fr\/index.php\/wp-json\/wp\/v2\/pages\/17\/revisions\/1868"}],"wp:attachment":[{"href":"https:\/\/latelierdhelunys.fr\/index.php\/wp-json\/wp\/v2\/media?parent=17"}],"curies":[{"name":"wp","href":"https:\/\/api.w.org\/{rel}","templated":true}]}}