{"id":1084,"date":"2025-07-29T16:30:32","date_gmt":"2025-07-29T14:30:32","guid":{"rendered":"https:\/\/latelierdhelunys.fr\/?page_id=1084"},"modified":"2025-08-01T14:56:29","modified_gmt":"2025-08-01T12:56:29","slug":"mentions-legales","status":"publish","type":"page","link":"https:\/\/latelierdhelunys.fr\/index.php\/mentions-legales\/","title":{"rendered":"Mentions l\u00e9gales"},"content":{"rendered":"\t\t<div data-elementor-type=\"wp-page\" data-elementor-id=\"1084\" class=\"elementor elementor-1084\">\n\t\t\t\t<div class=\"elementor-element elementor-element-aeb1145 e-flex e-con-boxed e-con e-parent\" data-id=\"aeb1145\" data-element_type=\"container\" data-e-type=\"container\">\n\t\t\t\t\t<div class=\"e-con-inner\">\n\t\t\t\t<div class=\"elementor-element elementor-element-fd1817f e-transform elementor-widget-divider--separator-type-pattern elementor-widget-divider--no-spacing elementor-widget-divider--view-line elementor-widget elementor-widget-divider\" data-id=\"fd1817f\" data-element_type=\"widget\" data-e-type=\"widget\" data-settings=\"{&quot;_transform_rotateZ_effect&quot;:{&quot;unit&quot;:&quot;px&quot;,&quot;size&quot;:180,&quot;sizes&quot;:[]},&quot;_transform_rotateZ_effect_tablet&quot;:{&quot;unit&quot;:&quot;deg&quot;,&quot;size&quot;:&quot;&quot;,&quot;sizes&quot;:[]},&quot;_transform_rotateZ_effect_mobile&quot;:{&quot;unit&quot;:&quot;deg&quot;,&quot;size&quot;:&quot;&quot;,&quot;sizes&quot;:[]}}\" data-widget_type=\"divider.default\">\n\t\t\t\t<div class=\"elementor-widget-container\">\n\t\t\t\t\t\t\t<div class=\"elementor-divider\" style=\"--divider-pattern-url: url(&quot;data:image\/svg+xml,%3Csvg xmlns=&#039;http:\/\/www.w3.org\/2000\/svg&#039; preserveAspectRatio=&#039;xMidYMid meet&#039; overflow=&#039;visible&#039; height=&#039;100%&#039; viewBox=&#039;0 0 121 26&#039; fill=&#039;black&#039; stroke=&#039;none&#039;%3E%3Cpath d=&#039;M29.6,10.3l2.1,2.2l-3.6,3.3h7v2.9h-7l3.6,3.5l-2.1,1.7l-5.2-5.2h-5.8v-2.9h5.8L29.6,10.3z M70.9,9.6l2.1,1.7l-3.6,3.5h7v2.9h-7l3.6,3.3l-2.1,2.2l-5.2-5.5h-5.8v-2.9h5.8L70.9,9.6z M111.5,9.6l2.1,1.7l-3.6,3.5h7v2.9h-7l3.6,3.3l-2.1,2.2l-5.2-5.5h-5.8v-2.9h5.8L111.5,9.6z M50.2,2.7l2.1,1.7l-3.6,3.5h7v2.9h-7l3.6,3.3l-2.1,2.2L45,10.7h-5.8V7.9H45L50.2,2.7z M11,2l2.1,1.7L9.6,7.2h7V10h-7l3.6,3.3L11,15.5L5.8,10H0V7.2h5.8L11,2z M91.5,2l2.1,2.2l-3.6,3.3h7v2.9h-7l3.6,3.5l-2.1,1.7l-5.2-5.2h-5.8V7.5h5.8L91.5,2z&#039;\/%3E%3C\/svg%3E&quot;);\">\n\t\t\t<span class=\"elementor-divider-separator\">\n\t\t\t\t\t\t<\/span>\n\t\t<\/div>\n\t\t\t\t\t\t<\/div>\n\t\t\t\t<\/div>\n\t\t\t\t<div class=\"elementor-element elementor-element-a5dd6fb elementor-widget elementor-widget-heading\" data-id=\"a5dd6fb\" data-element_type=\"widget\" data-e-type=\"widget\" data-widget_type=\"heading.default\">\n\t\t\t\t<div class=\"elementor-widget-container\">\n\t\t\t\t\t<h2 class=\"elementor-heading-title elementor-size-default\">Mentions l\u00e9gales<\/h2>\t\t\t\t<\/div>\n\t\t\t\t<\/div>\n\t\t\t\t<div class=\"elementor-element elementor-element-e32f01e elementor-widget elementor-widget-text-editor\" data-id=\"e32f01e\" data-element_type=\"widget\" data-e-type=\"widget\" data-widget_type=\"text-editor.default\">\n\t\t\t\t<div class=\"elementor-widget-container\">\n\t\t\t\t\t\t\t\t\t<p><span style=\"color: #ffffff;\"><strong>H\u00e9bergeur du site<\/strong><\/span><br><span style=\"color: #ffffff;\">Ce site est h\u00e9berg\u00e9 par OVH SAS.<\/span><br><span style=\"color: #ffffff;\">2 rue Kellermann<\/span><br><span style=\"color: #ffffff;\">59100 Roubaix &#8211; France<\/span><br><span style=\"color: #ffffff;\">1007<\/span><\/p>\n<p><span style=\"color: #ffffff;\"><b>Responsable \u00e9ditoriale<\/b><br>M\u00e9lanie Hours<\/span><\/p>\n<p><span style=\"color: #ffffff;\"><strong>Cr\u00e9dits logo<\/strong><\/span><br><span style=\"color: #ffffff;\">Plante&nbsp;: Designed by Freepik<\/span><\/p>\t\t\t\t\t\t\t\t<\/div>\n\t\t\t\t<\/div>\n\t\t\t\t\t<\/div>\n\t\t\t\t<\/div>\n\t\t\t\t<\/div>","protected":false},"excerpt":{"rendered":"<p>Mentions l\u00e9gales H\u00e9bergeur du siteCe site est h\u00e9berg\u00e9 par OVH SAS.2 rue Kellermann59100 Roubaix &#8211; France1007 Responsable \u00e9ditorialeM\u00e9lanie Hours Cr\u00e9dits logoPlante&nbsp;: Designed by Freepik<\/p>","protected":false},"author":1,"featured_media":0,"parent":0,"menu_order":0,"comment_status":"closed","ping_status":"closed","template":"elementor_header_footer","meta":{"_monsterinsights_skip_tracking":false,"_monsterinsights_sitenote_active":false,"_monsterinsights_sitenote_note":"","_monsterinsights_sitenote_category":0,"footnotes":""},"class_list":["post-1084","page","type-page","status-publish","hentry"],"yoast_head":"<!-- This site is optimized with the Yoast SEO plugin v27.4 - https:\/\/yoast.com\/product\/yoast-seo-wordpress\/ -->\n<title>Mentions l\u00e9gales - L&#039;atelier d&#039;H\u00e9lunys<\/title>\n<meta name=\"robots\" content=\"index, follow, max-snippet:-1, max-image-preview:large, max-video-preview:-1\" \/>\n<link rel=\"canonical\" href=\"https:\/\/latelierdhelunys.fr\/index.php\/mentions-legales\/\" \/>\n<meta property=\"og:locale\" content=\"en_US\" \/>\n<meta property=\"og:type\" content=\"article\" \/>\n<meta property=\"og:title\" content=\"Mentions l\u00e9gales - L&#039;atelier d&#039;H\u00e9lunys\" \/>\n<meta property=\"og:description\" content=\"Mentions l\u00e9gales H\u00e9bergeur du siteCe site est h\u00e9berg\u00e9 par OVH SAS.2 rue Kellermann59100 Roubaix &#8211; France1007 Responsable \u00e9ditorialeM\u00e9lanie Hours Cr\u00e9dits logoPlante&nbsp;: Designed by Freepik\" \/>\n<meta property=\"og:url\" content=\"https:\/\/latelierdhelunys.fr\/index.php\/mentions-legales\/\" \/>\n<meta property=\"og:site_name\" content=\"L&#039;atelier d&#039;H\u00e9lunys\" \/>\n<meta property=\"article:modified_time\" content=\"2025-08-01T12:56:29+00:00\" \/>\n<meta name=\"twitter:card\" content=\"summary_large_image\" \/>\n<meta name=\"twitter:label1\" content=\"Est. reading time\" \/>\n\t<meta name=\"twitter:data1\" content=\"1 minute\" \/>\n<script type=\"application\/ld+json\" class=\"yoast-schema-graph\">{\"@context\":\"https:\\\/\\\/schema.org\",\"@graph\":[{\"@type\":\"WebPage\",\"@id\":\"https:\\\/\\\/latelierdhelunys.fr\\\/index.php\\\/mentions-legales\\\/\",\"url\":\"https:\\\/\\\/latelierdhelunys.fr\\\/index.php\\\/mentions-legales\\\/\",\"name\":\"Mentions l\u00e9gales - L&#039;atelier d&#039;H\u00e9lunys\",\"isPartOf\":{\"@id\":\"https:\\\/\\\/latelierdhelunys.fr\\\/#website\"},\"datePublished\":\"2025-07-29T14:30:32+00:00\",\"dateModified\":\"2025-08-01T12:56:29+00:00\",\"breadcrumb\":{\"@id\":\"https:\\\/\\\/latelierdhelunys.fr\\\/index.php\\\/mentions-legales\\\/#breadcrumb\"},\"inLanguage\":\"en-US\",\"potentialAction\":[{\"@type\":\"ReadAction\",\"target\":[\"https:\\\/\\\/latelierdhelunys.fr\\\/index.php\\\/mentions-legales\\\/\"]}]},{\"@type\":\"BreadcrumbList\",\"@id\":\"https:\\\/\\\/latelierdhelunys.fr\\\/index.php\\\/mentions-legales\\\/#breadcrumb\",\"itemListElement\":[{\"@type\":\"ListItem\",\"position\":1,\"name\":\"Accueil\",\"item\":\"https:\\\/\\\/latelierdhelunys.fr\\\/\"},{\"@type\":\"ListItem\",\"position\":2,\"name\":\"Mentions l\u00e9gales\"}]},{\"@type\":\"WebSite\",\"@id\":\"https:\\\/\\\/latelierdhelunys.fr\\\/#website\",\"url\":\"https:\\\/\\\/latelierdhelunys.fr\\\/\",\"name\":\"L&#039;atelier d&#039;H\u00e9lunys\",\"description\":\"Lectrice-correctrice et b\u00eata-lectrice\",\"publisher\":{\"@id\":\"https:\\\/\\\/latelierdhelunys.fr\\\/#organization\"},\"potentialAction\":[{\"@type\":\"SearchAction\",\"target\":{\"@type\":\"EntryPoint\",\"urlTemplate\":\"https:\\\/\\\/latelierdhelunys.fr\\\/?s={search_term_string}\"},\"query-input\":{\"@type\":\"PropertyValueSpecification\",\"valueRequired\":true,\"valueName\":\"search_term_string\"}}],\"inLanguage\":\"en-US\"},{\"@type\":\"Organization\",\"@id\":\"https:\\\/\\\/latelierdhelunys.fr\\\/#organization\",\"name\":\"L&#039;atelier d&#039;H\u00e9lunys\",\"url\":\"https:\\\/\\\/latelierdhelunys.fr\\\/\",\"logo\":{\"@type\":\"ImageObject\",\"inLanguage\":\"en-US\",\"@id\":\"https:\\\/\\\/latelierdhelunys.fr\\\/#\\\/schema\\\/logo\\\/image\\\/\",\"url\":\"https:\\\/\\\/latelierdhelunys.fr\\\/wp-content\\\/uploads\\\/2024\\\/07\\\/Logo-fond-blanc-Latelier-dHelunys-v2-scaled.png\",\"contentUrl\":\"https:\\\/\\\/latelierdhelunys.fr\\\/wp-content\\\/uploads\\\/2024\\\/07\\\/Logo-fond-blanc-Latelier-dHelunys-v2-scaled.png\",\"width\":2560,\"height\":942,\"caption\":\"L&#039;atelier d&#039;H\u00e9lunys\"},\"image\":{\"@id\":\"https:\\\/\\\/latelierdhelunys.fr\\\/#\\\/schema\\\/logo\\\/image\\\/\"}}]}<\/script>\n<!-- \/ Yoast SEO plugin. -->","yoast_head_json":{"title":"Mentions l\u00e9gales - L&#039;atelier d&#039;H\u00e9lunys","robots":{"index":"index","follow":"follow","max-snippet":"max-snippet:-1","max-image-preview":"max-image-preview:large","max-video-preview":"max-video-preview:-1"},"canonical":"https:\/\/latelierdhelunys.fr\/index.php\/mentions-legales\/","og_locale":"en_US","og_type":"article","og_title":"Mentions l\u00e9gales - L&#039;atelier d&#039;H\u00e9lunys","og_description":"Mentions l\u00e9gales H\u00e9bergeur du siteCe site est h\u00e9berg\u00e9 par OVH SAS.2 rue Kellermann59100 Roubaix &#8211; France1007 Responsable \u00e9ditorialeM\u00e9lanie Hours Cr\u00e9dits logoPlante&nbsp;: Designed by Freepik","og_url":"https:\/\/latelierdhelunys.fr\/index.php\/mentions-legales\/","og_site_name":"L&#039;atelier d&#039;H\u00e9lunys","article_modified_time":"2025-08-01T12:56:29+00:00","twitter_card":"summary_large_image","twitter_misc":{"Est. reading time":"1 minute"},"schema":{"@context":"https:\/\/schema.org","@graph":[{"@type":"WebPage","@id":"https:\/\/latelierdhelunys.fr\/index.php\/mentions-legales\/","url":"https:\/\/latelierdhelunys.fr\/index.php\/mentions-legales\/","name":"Mentions l\u00e9gales - L&#039;atelier d&#039;H\u00e9lunys","isPartOf":{"@id":"https:\/\/latelierdhelunys.fr\/#website"},"datePublished":"2025-07-29T14:30:32+00:00","dateModified":"2025-08-01T12:56:29+00:00","breadcrumb":{"@id":"https:\/\/latelierdhelunys.fr\/index.php\/mentions-legales\/#breadcrumb"},"inLanguage":"en-US","potentialAction":[{"@type":"ReadAction","target":["https:\/\/latelierdhelunys.fr\/index.php\/mentions-legales\/"]}]},{"@type":"BreadcrumbList","@id":"https:\/\/latelierdhelunys.fr\/index.php\/mentions-legales\/#breadcrumb","itemListElement":[{"@type":"ListItem","position":1,"name":"Accueil","item":"https:\/\/latelierdhelunys.fr\/"},{"@type":"ListItem","position":2,"name":"Mentions l\u00e9gales"}]},{"@type":"WebSite","@id":"https:\/\/latelierdhelunys.fr\/#website","url":"https:\/\/latelierdhelunys.fr\/","name":"L&#039;atelier d&#039;H\u00e9lunys","description":"Lectrice-correctrice et b\u00eata-lectrice","publisher":{"@id":"https:\/\/latelierdhelunys.fr\/#organization"},"potentialAction":[{"@type":"SearchAction","target":{"@type":"EntryPoint","urlTemplate":"https:\/\/latelierdhelunys.fr\/?s={search_term_string}"},"query-input":{"@type":"PropertyValueSpecification","valueRequired":true,"valueName":"search_term_string"}}],"inLanguage":"en-US"},{"@type":"Organization","@id":"https:\/\/latelierdhelunys.fr\/#organization","name":"L&#039;atelier d&#039;H\u00e9lunys","url":"https:\/\/latelierdhelunys.fr\/","logo":{"@type":"ImageObject","inLanguage":"en-US","@id":"https:\/\/latelierdhelunys.fr\/#\/schema\/logo\/image\/","url":"https:\/\/latelierdhelunys.fr\/wp-content\/uploads\/2024\/07\/Logo-fond-blanc-Latelier-dHelunys-v2-scaled.png","contentUrl":"https:\/\/latelierdhelunys.fr\/wp-content\/uploads\/2024\/07\/Logo-fond-blanc-Latelier-dHelunys-v2-scaled.png","width":2560,"height":942,"caption":"L&#039;atelier d&#039;H\u00e9lunys"},"image":{"@id":"https:\/\/latelierdhelunys.fr\/#\/schema\/logo\/image\/"}}]}},"_links":{"self":[{"href":"https:\/\/latelierdhelunys.fr\/index.php\/wp-json\/wp\/v2\/pages\/1084","targetHints":{"allow":["GET"]}}],"collection":[{"href":"https:\/\/latelierdhelunys.fr\/index.php\/wp-json\/wp\/v2\/pages"}],"about":[{"href":"https:\/\/latelierdhelunys.fr\/index.php\/wp-json\/wp\/v2\/types\/page"}],"author":[{"embeddable":true,"href":"https:\/\/latelierdhelunys.fr\/index.php\/wp-json\/wp\/v2\/users\/1"}],"replies":[{"embeddable":true,"href":"https:\/\/latelierdhelunys.fr\/index.php\/wp-json\/wp\/v2\/comments?post=1084"}],"version-history":[{"count":25,"href":"https:\/\/latelierdhelunys.fr\/index.php\/wp-json\/wp\/v2\/pages\/1084\/revisions"}],"predecessor-version":[{"id":2332,"href":"https:\/\/latelierdhelunys.fr\/index.php\/wp-json\/wp\/v2\/pages\/1084\/revisions\/2332"}],"wp:attachment":[{"href":"https:\/\/latelierdhelunys.fr\/index.php\/wp-json\/wp\/v2\/media?parent=1084"}],"curies":[{"name":"wp","href":"https:\/\/api.w.org\/{rel}","templated":true}]}}