{"id":1038,"date":"2025-07-29T16:25:29","date_gmt":"2025-07-29T14:25:29","guid":{"rendered":"https:\/\/latelierdhelunys.fr\/?page_id=1038"},"modified":"2025-09-02T10:02:02","modified_gmt":"2025-09-02T08:02:02","slug":"latelier-dhelunys","status":"publish","type":"page","link":"https:\/\/latelierdhelunys.fr\/","title":{"rendered":"Accueil"},"content":{"rendered":"\t\t<div data-elementor-type=\"wp-page\" data-elementor-id=\"1038\" class=\"elementor elementor-1038\">\n\t\t\t\t<div class=\"elementor-element elementor-element-b1bae16 e-flex e-con-boxed e-con e-parent\" data-id=\"b1bae16\" data-element_type=\"container\" data-e-type=\"container\" data-settings=\"{&quot;shape_divider_bottom&quot;:&quot;pyramids&quot;}\">\n\t\t\t\t\t<div class=\"e-con-inner\">\n\t\t\t\t<div class=\"elementor-shape elementor-shape-bottom\" aria-hidden=\"true\" data-negative=\"false\">\n\t\t\t\n<svg xmlns=\"http:\/\/www.w3.org\/2000\/svg\" viewBox=\"0 0 1000 100\" preserveAspectRatio=\"none\">\n\t<path class=\"elementor-shape-fill\" d=\"M761.9,44.1L643.1,27.2L333.8,98L0,3.8V0l1000,0v3.9\"\/>\n<\/svg>\n\t\t<\/div>\n\t\t<div class=\"elementor-element elementor-element-a7d090d e-con-full e-flex e-con e-child\" data-id=\"a7d090d\" data-element_type=\"container\" data-e-type=\"container\">\n\t\t\t\t<div class=\"elementor-element elementor-element-6d26254 elementor-widget elementor-widget-heading\" data-id=\"6d26254\" data-element_type=\"widget\" data-e-type=\"widget\" data-widget_type=\"heading.default\">\n\t\t\t\t<div class=\"elementor-widget-container\">\n\t\t\t\t\t<h2 class=\"elementor-heading-title elementor-size-default\">B\u00eata-lecture et corrections<\/h2>\t\t\t\t<\/div>\n\t\t\t\t<\/div>\n\t\t\t\t<div class=\"elementor-element elementor-element-f8b6fc1 elementor-widget elementor-widget-text-editor\" data-id=\"f8b6fc1\" data-element_type=\"widget\" data-e-type=\"widget\" data-widget_type=\"text-editor.default\">\n\t\t\t\t<div class=\"elementor-widget-container\">\n\t\t\t\t\t\t\t\t\t<p style=\"text-align: center;\">Hey&nbsp;!<\/p><p style=\"text-align: center;\">Je me pr\u00e9sente, je m&#8217;appelle <del>Henri<\/del> M\u00e9lanie.<\/p><p style=\"text-align: center;\">J&#8217;aide les autrices et les auteurs \u00e0 prendre soin de leurs plantes\u00b9.<\/p><p style=\"text-align: center;\">Comment&nbsp;?<\/p><p style=\"text-align: center;\">Je creuse, j&#8217;enl\u00e8ve les mauvaises herbes, <br \/>je mets un peu de lumi\u00e8re, je taille, j&#8217;arrose, <br \/>je nourris les racines, j&#8217;\u00e9poussette les feuilles,<br \/>j&#8217;admire les fleurs et j&#8217;attends les prochaines graines\u00b2.<\/p>\t\t\t\t\t\t\t\t<\/div>\n\t\t\t\t<\/div>\n\t\t\t\t<div class=\"elementor-element elementor-element-bffa069 elementor-widget elementor-widget-text-editor\" data-id=\"bffa069\" data-element_type=\"widget\" data-e-type=\"widget\" data-widget_type=\"text-editor.default\">\n\t\t\t\t<div class=\"elementor-widget-container\">\n\t\t\t\t\t\t\t\t\t<p style=\"text-align: center;\">\u00b9 Je parle bien de leurs \u00e9crits.<br \/>\u00b2 J&#8217;utilise une m\u00e9taphore de jardinage <br \/>mais j&#8217;ai bel et bien une formation de correctrice <br \/>et une certification Le Robert.<\/p>\t\t\t\t\t\t\t\t<\/div>\n\t\t\t\t<\/div>\n\t\t<div class=\"elementor-element elementor-element-6eea373 e-con-full e-flex e-con e-child\" data-id=\"6eea373\" data-element_type=\"container\" data-e-type=\"container\">\n\t\t\t\t<div class=\"elementor-element elementor-element-f03dd1f elementor-widget__width-initial elementor-widget-mobile__width-initial elementor-widget elementor-widget-button\" data-id=\"f03dd1f\" data-element_type=\"widget\" data-e-type=\"widget\" data-widget_type=\"button.default\">\n\t\t\t\t<div class=\"elementor-widget-container\">\n\t\t\t\t\t\t\t\t\t<div class=\"elementor-button-wrapper\">\n\t\t\t\t\t<a class=\"elementor-button elementor-button-link elementor-size-sm\" href=\"https:\/\/latelierdhelunys.fr\/index.php\/prestations\/\">\n\t\t\t\t\t\t<span class=\"elementor-button-content-wrapper\">\n\t\t\t\t\t\t\t\t\t<span class=\"elementor-button-text\">En savoir plus sur les prestations<\/span>\n\t\t\t\t\t<\/span>\n\t\t\t\t\t<\/a>\n\t\t\t\t<\/div>\n\t\t\t\t\t\t\t\t<\/div>\n\t\t\t\t<\/div>\n\t\t\t\t<div class=\"elementor-element elementor-element-579504b elementor-widget__width-initial elementor-widget-mobile__width-initial elementor-align-justify elementor-widget elementor-widget-button\" data-id=\"579504b\" data-element_type=\"widget\" data-e-type=\"widget\" data-widget_type=\"button.default\">\n\t\t\t\t<div class=\"elementor-widget-container\">\n\t\t\t\t\t\t\t\t\t<div class=\"elementor-button-wrapper\">\n\t\t\t\t\t<a class=\"elementor-button elementor-button-link elementor-size-sm\" href=\"https:\/\/latelierdhelunys.fr\/index.php\/a-propos\/\">\n\t\t\t\t\t\t<span class=\"elementor-button-content-wrapper\">\n\t\t\t\t\t\t\t\t\t<span class=\"elementor-button-text\">En savoir plus sur M\u00e9lanie<\/span>\n\t\t\t\t\t<\/span>\n\t\t\t\t\t<\/a>\n\t\t\t\t<\/div>\n\t\t\t\t\t\t\t\t<\/div>\n\t\t\t\t<\/div>\n\t\t\t\t<\/div>\n\t\t\t\t<\/div>\n\t\t<div class=\"elementor-element elementor-element-e0c0bbe e-con-full e-flex e-con e-child\" data-id=\"e0c0bbe\" data-element_type=\"container\" data-e-type=\"container\">\n\t\t\t\t<div class=\"elementor-element elementor-element-83a59a5 elementor-widget elementor-widget-image\" data-id=\"83a59a5\" data-element_type=\"widget\" data-e-type=\"widget\" data-widget_type=\"image.default\">\n\t\t\t\t<div class=\"elementor-widget-container\">\n\t\t\t\t\t\t\t\t\t\t\t\t\t\t\t<img fetchpriority=\"high\" decoding=\"async\" width=\"978\" height=\"1410\" src=\"https:\/\/latelierdhelunys.fr\/wp-content\/uploads\/2025\/07\/Monstera-version-courte.webp\" class=\"attachment-full size-full wp-image-1246\" alt=\"\" srcset=\"https:\/\/latelierdhelunys.fr\/wp-content\/uploads\/2025\/07\/Monstera-version-courte.webp 978w, https:\/\/latelierdhelunys.fr\/wp-content\/uploads\/2025\/07\/Monstera-version-courte-208x300.webp 208w, https:\/\/latelierdhelunys.fr\/wp-content\/uploads\/2025\/07\/Monstera-version-courte-710x1024.webp 710w, https:\/\/latelierdhelunys.fr\/wp-content\/uploads\/2025\/07\/Monstera-version-courte-768x1107.webp 768w\" sizes=\"(max-width: 978px) 100vw, 978px\" \/>\t\t\t\t\t\t\t\t\t\t\t\t\t\t\t<\/div>\n\t\t\t\t<\/div>\n\t\t\t\t<\/div>\n\t\t\t\t\t<\/div>\n\t\t\t\t<\/div>\n\t\t<div class=\"elementor-element elementor-element-3c2cda1 e-flex e-con-boxed e-con e-parent\" data-id=\"3c2cda1\" data-element_type=\"container\" data-e-type=\"container\" data-settings=\"{&quot;background_background&quot;:&quot;classic&quot;}\">\n\t\t\t\t\t<div class=\"e-con-inner\">\n\t\t<div class=\"elementor-element elementor-element-7e9d4fb e-con-full e-flex e-con e-child\" data-id=\"7e9d4fb\" data-element_type=\"container\" data-e-type=\"container\">\n\t\t\t\t<div class=\"elementor-element elementor-element-5570e46 elementor-widget elementor-widget-heading\" data-id=\"5570e46\" data-element_type=\"widget\" data-e-type=\"widget\" data-widget_type=\"heading.default\">\n\t\t\t\t<div class=\"elementor-widget-container\">\n\t\t\t\t\t<h2 class=\"elementor-heading-title elementor-size-default\">Pour qui&nbsp;?<\/h2>\t\t\t\t<\/div>\n\t\t\t\t<\/div>\n\t\t\t\t<div class=\"elementor-element elementor-element-ca840e8 elementor-widget elementor-widget-text-editor\" data-id=\"ca840e8\" data-element_type=\"widget\" data-e-type=\"widget\" data-widget_type=\"text-editor.default\">\n\t\t\t\t<div class=\"elementor-widget-container\">\n\t\t\t\t\t\t\t\t\t<p>Les autrices ind\u00e9pendantes qui veulent s&#8217;assurer <br \/>que leur jardin de mots ne comporte pas de pucerons<\/p><p>Les auteurs auto\u00e9dit\u00e9s qui veulent un avis ext\u00e9rieur <br \/>sur ce qu&#8217;ils ont plant\u00e9<\/p><p>Les professionnelles ind\u00e9pendantes qui veulent avoir <br \/>des newsletters, des supports de formation, des e-books <br \/>qui fleurissent sans se faner<\/p>\t\t\t\t\t\t\t\t<\/div>\n\t\t\t\t<\/div>\n\t\t\t\t<div class=\"elementor-element elementor-element-f4efc82 elementor-align-center elementor-widget__width-initial elementor-widget-mobile__width-initial elementor-widget elementor-widget-button\" data-id=\"f4efc82\" data-element_type=\"widget\" data-e-type=\"widget\" data-widget_type=\"button.default\">\n\t\t\t\t<div class=\"elementor-widget-container\">\n\t\t\t\t\t\t\t\t\t<div class=\"elementor-button-wrapper\">\n\t\t\t\t\t<a class=\"elementor-button elementor-button-link elementor-size-sm\" href=\"https:\/\/latelierdhelunys.fr\/index.php\/portfolio-et-avis\/\">\n\t\t\t\t\t\t<span class=\"elementor-button-content-wrapper\">\n\t\t\t\t\t\t\t\t\t<span class=\"elementor-button-text\">Voir des exemples et des avis<\/span>\n\t\t\t\t\t<\/span>\n\t\t\t\t\t<\/a>\n\t\t\t\t<\/div>\n\t\t\t\t\t\t\t\t<\/div>\n\t\t\t\t<\/div>\n\t\t\t\t<\/div>\n\t\t\t\t\t<\/div>\n\t\t\t\t<\/div>\n\t\t<div class=\"elementor-element elementor-element-c5cf691 e-flex e-con-boxed e-con e-parent\" data-id=\"c5cf691\" data-element_type=\"container\" data-e-type=\"container\" data-settings=\"{&quot;background_background&quot;:&quot;classic&quot;,&quot;shape_divider_top&quot;:&quot;pyramids&quot;,&quot;shape_divider_bottom&quot;:&quot;mountains&quot;}\">\n\t\t\t\t\t<div class=\"e-con-inner\">\n\t\t\t\t<div class=\"elementor-shape elementor-shape-top\" aria-hidden=\"true\" data-negative=\"false\">\n\t\t\t\n<svg xmlns=\"http:\/\/www.w3.org\/2000\/svg\" viewBox=\"0 0 1000 100\" preserveAspectRatio=\"none\">\n\t<path class=\"elementor-shape-fill\" d=\"M761.9,44.1L643.1,27.2L333.8,98L0,3.8V0l1000,0v3.9\"\/>\n<\/svg>\n\t\t<\/div>\n\t\t\t\t<div class=\"elementor-shape elementor-shape-bottom\" aria-hidden=\"true\" data-negative=\"false\">\n\t\t\t\n<svg xmlns=\"http:\/\/www.w3.org\/2000\/svg\" viewBox=\"0 0 1000 100\" preserveAspectRatio=\"none\">\n\t<path class=\"elementor-shape-fill\" opacity=\"0.33\" d=\"M473,67.3c-203.9,88.3-263.1-34-320.3,0C66,119.1,0,59.7,0,59.7V0h1000v59.7 c0,0-62.1,26.1-94.9,29.3c-32.8,3.3-62.8-12.3-75.8-22.1C806,49.6,745.3,8.7,694.9,4.7S492.4,59,473,67.3z\"\/>\n\t<path class=\"elementor-shape-fill\" opacity=\"0.66\" d=\"M734,67.3c-45.5,0-77.2-23.2-129.1-39.1c-28.6-8.7-150.3-10.1-254,39.1 s-91.7-34.4-149.2,0C115.7,118.3,0,39.8,0,39.8V0h1000v36.5c0,0-28.2-18.5-92.1-18.5C810.2,18.1,775.7,67.3,734,67.3z\"\/>\n\t<path class=\"elementor-shape-fill\" d=\"M766.1,28.9c-200-57.5-266,65.5-395.1,19.5C242,1.8,242,5.4,184.8,20.6C128,35.8,132.3,44.9,89.9,52.5C28.6,63.7,0,0,0,0 h1000c0,0-9.9,40.9-83.6,48.1S829.6,47,766.1,28.9z\"\/>\n<\/svg>\n\t\t<\/div>\n\t\t<div class=\"elementor-element elementor-element-584ac52 e-con-full e-flex e-con e-child\" data-id=\"584ac52\" data-element_type=\"container\" data-e-type=\"container\">\n\t\t\t\t<div class=\"elementor-element elementor-element-150151f elementor-widget elementor-widget-image\" data-id=\"150151f\" data-element_type=\"widget\" data-e-type=\"widget\" data-widget_type=\"image.default\">\n\t\t\t\t<div class=\"elementor-widget-container\">\n\t\t\t\t\t\t\t\t\t\t\t\t\t\t\t<img decoding=\"async\" width=\"711\" height=\"1024\" src=\"https:\/\/latelierdhelunys.fr\/wp-content\/uploads\/2025\/07\/Plantes-711x1024.webp\" class=\"attachment-large size-large wp-image-1361\" alt=\"\" srcset=\"https:\/\/latelierdhelunys.fr\/wp-content\/uploads\/2025\/07\/Plantes-711x1024.webp 711w, https:\/\/latelierdhelunys.fr\/wp-content\/uploads\/2025\/07\/Plantes-208x300.webp 208w, https:\/\/latelierdhelunys.fr\/wp-content\/uploads\/2025\/07\/Plantes-768x1106.webp 768w, https:\/\/latelierdhelunys.fr\/wp-content\/uploads\/2025\/07\/Plantes.webp 978w\" sizes=\"(max-width: 711px) 100vw, 711px\" \/>\t\t\t\t\t\t\t\t\t\t\t\t\t\t\t<\/div>\n\t\t\t\t<\/div>\n\t\t\t\t<\/div>\n\t\t<div class=\"elementor-element elementor-element-10f2f51 e-con-full e-flex e-con e-child\" data-id=\"10f2f51\" data-element_type=\"container\" data-e-type=\"container\">\n\t\t\t\t<div class=\"elementor-element elementor-element-c2db95d elementor-widget elementor-widget-heading\" data-id=\"c2db95d\" data-element_type=\"widget\" data-e-type=\"widget\" data-widget_type=\"heading.default\">\n\t\t\t\t<div class=\"elementor-widget-container\">\n\t\t\t\t\t<h2 class=\"elementor-heading-title elementor-size-default\">Comment&nbsp;?<\/h2>\t\t\t\t<\/div>\n\t\t\t\t<\/div>\n\t\t\t\t<div class=\"elementor-element elementor-element-1ee2856 elementor-widget elementor-widget-text-editor\" data-id=\"1ee2856\" data-element_type=\"widget\" data-e-type=\"widget\" data-widget_type=\"text-editor.default\">\n\t\t\t\t<div class=\"elementor-widget-container\">\n\t\t\t\t\t\t\t\t\t<p><b>En r\u00e9sum\u00e9&nbsp;:<\/b><\/p><p>Tu me parles de ce que tu plantes.<br \/>Je parcours ton jardin.<\/p><p>Je te fournis une fiche de b\u00eata-lecture bien fleurie.<br \/>OU<br \/>Je d\u00e9barrasse ton texte de ses cochenilles.<\/p>\t\t\t\t\t\t\t\t<\/div>\n\t\t\t\t<\/div>\n\t\t\t\t<div class=\"elementor-element elementor-element-c12a8cc elementor-widget__width-initial elementor-widget elementor-widget-image\" data-id=\"c12a8cc\" data-element_type=\"widget\" data-e-type=\"widget\" data-widget_type=\"image.default\">\n\t\t\t\t<div class=\"elementor-widget-container\">\n\t\t\t\t\t\t\t\t\t\t\t\t\t\t\t<img decoding=\"async\" width=\"800\" height=\"800\" src=\"https:\/\/latelierdhelunys.fr\/wp-content\/uploads\/2025\/08\/WhatsApp-Image-2025-08-01-at-08.19.52-_1_.webp\" class=\"attachment-large size-large wp-image-2219\" alt=\"\" srcset=\"https:\/\/latelierdhelunys.fr\/wp-content\/uploads\/2025\/08\/WhatsApp-Image-2025-08-01-at-08.19.52-_1_.webp 882w, https:\/\/latelierdhelunys.fr\/wp-content\/uploads\/2025\/08\/WhatsApp-Image-2025-08-01-at-08.19.52-_1_-300x300.webp 300w, https:\/\/latelierdhelunys.fr\/wp-content\/uploads\/2025\/08\/WhatsApp-Image-2025-08-01-at-08.19.52-_1_-150x150.webp 150w, https:\/\/latelierdhelunys.fr\/wp-content\/uploads\/2025\/08\/WhatsApp-Image-2025-08-01-at-08.19.52-_1_-768x768.webp 768w\" sizes=\"(max-width: 800px) 100vw, 800px\" \/>\t\t\t\t\t\t\t\t\t\t\t\t\t\t\t<\/div>\n\t\t\t\t<\/div>\n\t\t<div class=\"elementor-element elementor-element-1b8fcdf e-con-full e-flex e-con e-child\" data-id=\"1b8fcdf\" data-element_type=\"container\" data-e-type=\"container\">\n\t\t\t\t<div class=\"elementor-element elementor-element-149b215 elementor-align-center elementor-widget__width-initial elementor-widget-mobile__width-initial elementor-widget elementor-widget-button\" data-id=\"149b215\" data-element_type=\"widget\" data-e-type=\"widget\" data-widget_type=\"button.default\">\n\t\t\t\t<div class=\"elementor-widget-container\">\n\t\t\t\t\t\t\t\t\t<div class=\"elementor-button-wrapper\">\n\t\t\t\t\t<a class=\"elementor-button elementor-button-link elementor-size-sm\" href=\"https:\/\/latelierdhelunys.fr\/index.php\/contact\/\">\n\t\t\t\t\t\t<span class=\"elementor-button-content-wrapper\">\n\t\t\t\t\t\t\t\t\t<span class=\"elementor-button-text\">Prendre contact<\/span>\n\t\t\t\t\t<\/span>\n\t\t\t\t\t<\/a>\n\t\t\t\t<\/div>\n\t\t\t\t\t\t\t\t<\/div>\n\t\t\t\t<\/div>\n\t\t\t\t<\/div>\n\t\t\t\t<div class=\"elementor-element elementor-element-22cec22 elementor-widget-divider--separator-type-pattern elementor-widget-divider--no-spacing elementor-widget-divider--view-line elementor-widget elementor-widget-divider\" data-id=\"22cec22\" data-element_type=\"widget\" data-e-type=\"widget\" data-widget_type=\"divider.default\">\n\t\t\t\t<div class=\"elementor-widget-container\">\n\t\t\t\t\t\t\t<div class=\"elementor-divider\" style=\"--divider-pattern-url: url(&quot;data:image\/svg+xml,%3Csvg xmlns=&#039;http:\/\/www.w3.org\/2000\/svg&#039; preserveAspectRatio=&#039;xMidYMid meet&#039; overflow=&#039;visible&#039; height=&#039;100%&#039; viewBox=&#039;0 0 121 26&#039; fill=&#039;black&#039; stroke=&#039;none&#039;%3E%3Cpath d=&#039;M29.6,10.3l2.1,2.2l-3.6,3.3h7v2.9h-7l3.6,3.5l-2.1,1.7l-5.2-5.2h-5.8v-2.9h5.8L29.6,10.3z M70.9,9.6l2.1,1.7l-3.6,3.5h7v2.9h-7l3.6,3.3l-2.1,2.2l-5.2-5.5h-5.8v-2.9h5.8L70.9,9.6z M111.5,9.6l2.1,1.7l-3.6,3.5h7v2.9h-7l3.6,3.3l-2.1,2.2l-5.2-5.5h-5.8v-2.9h5.8L111.5,9.6z M50.2,2.7l2.1,1.7l-3.6,3.5h7v2.9h-7l3.6,3.3l-2.1,2.2L45,10.7h-5.8V7.9H45L50.2,2.7z M11,2l2.1,1.7L9.6,7.2h7V10h-7l3.6,3.3L11,15.5L5.8,10H0V7.2h5.8L11,2z M91.5,2l2.1,2.2l-3.6,3.3h7v2.9h-7l3.6,3.5l-2.1,1.7l-5.2-5.2h-5.8V7.5h5.8L91.5,2z&#039;\/%3E%3C\/svg%3E&quot;);\">\n\t\t\t<span class=\"elementor-divider-separator\">\n\t\t\t\t\t\t<\/span>\n\t\t<\/div>\n\t\t\t\t\t\t<\/div>\n\t\t\t\t<\/div>\n\t\t\t\t<\/div>\n\t\t\t\t\t<\/div>\n\t\t\t\t<\/div>\n\t\t\t\t<\/div>","protected":false},"excerpt":{"rendered":"<p>L&#8217;atelier d&#8217;H\u00e9lunys. B\u00eata-lecture et corrections. Tout savoir sur les prestations, les avis, la demande de devis, le parcours de M\u00e9lanie et comment poser des questions.<\/p>","protected":false},"author":1,"featured_media":52,"parent":0,"menu_order":1,"comment_status":"closed","ping_status":"closed","template":"elementor_header_footer","meta":{"_monsterinsights_skip_tracking":false,"_monsterinsights_sitenote_active":false,"_monsterinsights_sitenote_note":"","_monsterinsights_sitenote_category":0,"footnotes":""},"class_list":["post-1038","page","type-page","status-publish","has-post-thumbnail","hentry"],"yoast_head":"<!-- This site is optimized with the Yoast SEO plugin v27.4 - https:\/\/yoast.com\/product\/yoast-seo-wordpress\/ -->\n<title>Accueil - L&#039;atelier d&#039;H\u00e9lunys<\/title>\n<meta name=\"robots\" content=\"index, follow, max-snippet:-1, max-image-preview:large, max-video-preview:-1\" \/>\n<link rel=\"canonical\" href=\"https:\/\/latelierdhelunys.fr\/\" \/>\n<meta property=\"og:locale\" content=\"en_US\" \/>\n<meta property=\"og:type\" content=\"article\" \/>\n<meta property=\"og:title\" content=\"Accueil - L&#039;atelier d&#039;H\u00e9lunys\" \/>\n<meta property=\"og:description\" content=\"L&#039;atelier d&#039;H\u00e9lunys. B\u00eata-lecture et corrections. Tout savoir sur les prestations, les avis, la demande de devis, le parcours de M\u00e9lanie et comment poser des questions.\" \/>\n<meta property=\"og:url\" content=\"https:\/\/latelierdhelunys.fr\/\" \/>\n<meta property=\"og:site_name\" content=\"L&#039;atelier d&#039;H\u00e9lunys\" \/>\n<meta property=\"article:modified_time\" content=\"2025-09-02T08:02:02+00:00\" \/>\n<meta property=\"og:image\" content=\"http:\/\/latelierdhelunys.fr\/wp-content\/uploads\/2024\/07\/Logo-fond-blanc-L_atelier-d_Helunys.webp\" \/>\n\t<meta property=\"og:image:width\" content=\"1\" \/>\n\t<meta property=\"og:image:height\" content=\"1\" \/>\n\t<meta property=\"og:image:type\" content=\"image\/webp\" \/>\n<meta name=\"twitter:card\" content=\"summary_large_image\" \/>\n<meta name=\"twitter:label1\" content=\"Est. reading time\" \/>\n\t<meta name=\"twitter:data1\" content=\"2 minutes\" \/>\n<script type=\"application\/ld+json\" class=\"yoast-schema-graph\">{\"@context\":\"https:\\\/\\\/schema.org\",\"@graph\":[{\"@type\":\"WebPage\",\"@id\":\"https:\\\/\\\/latelierdhelunys.fr\\\/\",\"url\":\"https:\\\/\\\/latelierdhelunys.fr\\\/\",\"name\":\"Accueil - L&#039;atelier d&#039;H\u00e9lunys\",\"isPartOf\":{\"@id\":\"https:\\\/\\\/latelierdhelunys.fr\\\/#website\"},\"primaryImageOfPage\":{\"@id\":\"https:\\\/\\\/latelierdhelunys.fr\\\/#primaryimage\"},\"image\":{\"@id\":\"https:\\\/\\\/latelierdhelunys.fr\\\/#primaryimage\"},\"thumbnailUrl\":\"https:\\\/\\\/latelierdhelunys.fr\\\/wp-content\\\/uploads\\\/2024\\\/07\\\/Logo-fond-blanc-L_atelier-d_Helunys.webp\",\"datePublished\":\"2025-07-29T14:25:29+00:00\",\"dateModified\":\"2025-09-02T08:02:02+00:00\",\"breadcrumb\":{\"@id\":\"https:\\\/\\\/latelierdhelunys.fr\\\/#breadcrumb\"},\"inLanguage\":\"en-US\",\"potentialAction\":[{\"@type\":\"ReadAction\",\"target\":[\"https:\\\/\\\/latelierdhelunys.fr\\\/\"]}]},{\"@type\":\"ImageObject\",\"inLanguage\":\"en-US\",\"@id\":\"https:\\\/\\\/latelierdhelunys.fr\\\/#primaryimage\",\"url\":\"https:\\\/\\\/latelierdhelunys.fr\\\/wp-content\\\/uploads\\\/2024\\\/07\\\/Logo-fond-blanc-L_atelier-d_Helunys.webp\",\"contentUrl\":\"https:\\\/\\\/latelierdhelunys.fr\\\/wp-content\\\/uploads\\\/2024\\\/07\\\/Logo-fond-blanc-L_atelier-d_Helunys.webp\",\"caption\":\"L'atelier d'H\u00e9lunys, lectrice-correctrice et b\u00eata-lectrice\"},{\"@type\":\"BreadcrumbList\",\"@id\":\"https:\\\/\\\/latelierdhelunys.fr\\\/#breadcrumb\",\"itemListElement\":[{\"@type\":\"ListItem\",\"position\":1,\"name\":\"Accueil\",\"item\":\"https:\\\/\\\/latelierdhelunys.fr\\\/\"},{\"@type\":\"ListItem\",\"position\":2,\"name\":\"Accueil\"}]},{\"@type\":\"WebSite\",\"@id\":\"https:\\\/\\\/latelierdhelunys.fr\\\/#website\",\"url\":\"https:\\\/\\\/latelierdhelunys.fr\\\/\",\"name\":\"L&#039;atelier d&#039;H\u00e9lunys\",\"description\":\"Lectrice-correctrice et b\u00eata-lectrice\",\"publisher\":{\"@id\":\"https:\\\/\\\/latelierdhelunys.fr\\\/#organization\"},\"potentialAction\":[{\"@type\":\"SearchAction\",\"target\":{\"@type\":\"EntryPoint\",\"urlTemplate\":\"https:\\\/\\\/latelierdhelunys.fr\\\/?s={search_term_string}\"},\"query-input\":{\"@type\":\"PropertyValueSpecification\",\"valueRequired\":true,\"valueName\":\"search_term_string\"}}],\"inLanguage\":\"en-US\"},{\"@type\":\"Organization\",\"@id\":\"https:\\\/\\\/latelierdhelunys.fr\\\/#organization\",\"name\":\"L&#039;atelier d&#039;H\u00e9lunys\",\"url\":\"https:\\\/\\\/latelierdhelunys.fr\\\/\",\"logo\":{\"@type\":\"ImageObject\",\"inLanguage\":\"en-US\",\"@id\":\"https:\\\/\\\/latelierdhelunys.fr\\\/#\\\/schema\\\/logo\\\/image\\\/\",\"url\":\"https:\\\/\\\/latelierdhelunys.fr\\\/wp-content\\\/uploads\\\/2024\\\/07\\\/Logo-fond-blanc-Latelier-dHelunys-v2-scaled.png\",\"contentUrl\":\"https:\\\/\\\/latelierdhelunys.fr\\\/wp-content\\\/uploads\\\/2024\\\/07\\\/Logo-fond-blanc-Latelier-dHelunys-v2-scaled.png\",\"width\":2560,\"height\":942,\"caption\":\"L&#039;atelier d&#039;H\u00e9lunys\"},\"image\":{\"@id\":\"https:\\\/\\\/latelierdhelunys.fr\\\/#\\\/schema\\\/logo\\\/image\\\/\"}}]}<\/script>\n<!-- \/ Yoast SEO plugin. -->","yoast_head_json":{"title":"Accueil - L&#039;atelier d&#039;H\u00e9lunys","robots":{"index":"index","follow":"follow","max-snippet":"max-snippet:-1","max-image-preview":"max-image-preview:large","max-video-preview":"max-video-preview:-1"},"canonical":"https:\/\/latelierdhelunys.fr\/","og_locale":"en_US","og_type":"article","og_title":"Accueil - L&#039;atelier d&#039;H\u00e9lunys","og_description":"L'atelier d'H\u00e9lunys. B\u00eata-lecture et corrections. Tout savoir sur les prestations, les avis, la demande de devis, le parcours de M\u00e9lanie et comment poser des questions.","og_url":"https:\/\/latelierdhelunys.fr\/","og_site_name":"L&#039;atelier d&#039;H\u00e9lunys","article_modified_time":"2025-09-02T08:02:02+00:00","og_image":[{"url":"http:\/\/latelierdhelunys.fr\/wp-content\/uploads\/2024\/07\/Logo-fond-blanc-L_atelier-d_Helunys.webp","width":1,"height":1,"type":"image\/webp"}],"twitter_card":"summary_large_image","twitter_misc":{"Est. reading time":"2 minutes"},"schema":{"@context":"https:\/\/schema.org","@graph":[{"@type":"WebPage","@id":"https:\/\/latelierdhelunys.fr\/","url":"https:\/\/latelierdhelunys.fr\/","name":"Accueil - L&#039;atelier d&#039;H\u00e9lunys","isPartOf":{"@id":"https:\/\/latelierdhelunys.fr\/#website"},"primaryImageOfPage":{"@id":"https:\/\/latelierdhelunys.fr\/#primaryimage"},"image":{"@id":"https:\/\/latelierdhelunys.fr\/#primaryimage"},"thumbnailUrl":"https:\/\/latelierdhelunys.fr\/wp-content\/uploads\/2024\/07\/Logo-fond-blanc-L_atelier-d_Helunys.webp","datePublished":"2025-07-29T14:25:29+00:00","dateModified":"2025-09-02T08:02:02+00:00","breadcrumb":{"@id":"https:\/\/latelierdhelunys.fr\/#breadcrumb"},"inLanguage":"en-US","potentialAction":[{"@type":"ReadAction","target":["https:\/\/latelierdhelunys.fr\/"]}]},{"@type":"ImageObject","inLanguage":"en-US","@id":"https:\/\/latelierdhelunys.fr\/#primaryimage","url":"https:\/\/latelierdhelunys.fr\/wp-content\/uploads\/2024\/07\/Logo-fond-blanc-L_atelier-d_Helunys.webp","contentUrl":"https:\/\/latelierdhelunys.fr\/wp-content\/uploads\/2024\/07\/Logo-fond-blanc-L_atelier-d_Helunys.webp","caption":"L'atelier d'H\u00e9lunys, lectrice-correctrice et b\u00eata-lectrice"},{"@type":"BreadcrumbList","@id":"https:\/\/latelierdhelunys.fr\/#breadcrumb","itemListElement":[{"@type":"ListItem","position":1,"name":"Accueil","item":"https:\/\/latelierdhelunys.fr\/"},{"@type":"ListItem","position":2,"name":"Accueil"}]},{"@type":"WebSite","@id":"https:\/\/latelierdhelunys.fr\/#website","url":"https:\/\/latelierdhelunys.fr\/","name":"L&#039;atelier d&#039;H\u00e9lunys","description":"Lectrice-correctrice et b\u00eata-lectrice","publisher":{"@id":"https:\/\/latelierdhelunys.fr\/#organization"},"potentialAction":[{"@type":"SearchAction","target":{"@type":"EntryPoint","urlTemplate":"https:\/\/latelierdhelunys.fr\/?s={search_term_string}"},"query-input":{"@type":"PropertyValueSpecification","valueRequired":true,"valueName":"search_term_string"}}],"inLanguage":"en-US"},{"@type":"Organization","@id":"https:\/\/latelierdhelunys.fr\/#organization","name":"L&#039;atelier d&#039;H\u00e9lunys","url":"https:\/\/latelierdhelunys.fr\/","logo":{"@type":"ImageObject","inLanguage":"en-US","@id":"https:\/\/latelierdhelunys.fr\/#\/schema\/logo\/image\/","url":"https:\/\/latelierdhelunys.fr\/wp-content\/uploads\/2024\/07\/Logo-fond-blanc-Latelier-dHelunys-v2-scaled.png","contentUrl":"https:\/\/latelierdhelunys.fr\/wp-content\/uploads\/2024\/07\/Logo-fond-blanc-Latelier-dHelunys-v2-scaled.png","width":2560,"height":942,"caption":"L&#039;atelier d&#039;H\u00e9lunys"},"image":{"@id":"https:\/\/latelierdhelunys.fr\/#\/schema\/logo\/image\/"}}]}},"_links":{"self":[{"href":"https:\/\/latelierdhelunys.fr\/index.php\/wp-json\/wp\/v2\/pages\/1038","targetHints":{"allow":["GET"]}}],"collection":[{"href":"https:\/\/latelierdhelunys.fr\/index.php\/wp-json\/wp\/v2\/pages"}],"about":[{"href":"https:\/\/latelierdhelunys.fr\/index.php\/wp-json\/wp\/v2\/types\/page"}],"author":[{"embeddable":true,"href":"https:\/\/latelierdhelunys.fr\/index.php\/wp-json\/wp\/v2\/users\/1"}],"replies":[{"embeddable":true,"href":"https:\/\/latelierdhelunys.fr\/index.php\/wp-json\/wp\/v2\/comments?post=1038"}],"version-history":[{"count":289,"href":"https:\/\/latelierdhelunys.fr\/index.php\/wp-json\/wp\/v2\/pages\/1038\/revisions"}],"predecessor-version":[{"id":2461,"href":"https:\/\/latelierdhelunys.fr\/index.php\/wp-json\/wp\/v2\/pages\/1038\/revisions\/2461"}],"wp:featuredmedia":[{"embeddable":true,"href":"https:\/\/latelierdhelunys.fr\/index.php\/wp-json\/wp\/v2\/media\/52"}],"wp:attachment":[{"href":"https:\/\/latelierdhelunys.fr\/index.php\/wp-json\/wp\/v2\/media?parent=1038"}],"curies":[{"name":"wp","href":"https:\/\/api.w.org\/{rel}","templated":true}]}}